{"id":1929,"date":"2023-08-02T16:32:08","date_gmt":"2023-08-02T20:32:08","guid":{"rendered":"https:\/\/www.safedoseinc.com\/?page_id=1929"},"modified":"2024-02-07T13:26:44","modified_gmt":"2024-02-07T13:26:44","slug":"grant-application","status":"publish","type":"page","link":"https:\/\/www.safedoseinc.com\/es\/grant-application\/","title":{"rendered":"Grant Application"},"content":{"rendered":"<p>[et_pb_section fb_built=\u00bb1&#8243; _builder_version=\u00bb4.19.4&#8243; _module_preset=\u00bbdefault\u00bb locked=\u00bboff\u00bb global_colors_info=\u00bb{}\u00bb][\/et_pb_section][et_pb_section fb_built=\u00bb1&#8243; _builder_version=\u00bb4.19.4&#8243; _module_preset=\u00bbdefault\u00bb custom_margin=\u00bb5vh||||false|false\u00bb custom_margin_tablet=\u00bb5vh||||false|false\u00bb custom_margin_phone=\u00bb0vh||||false|false\u00bb custom_margin_last_edited=\u00bbon|phone\u00bb locked=\u00bboff\u00bb global_colors_info=\u00bb{}\u00bb][et_pb_row _builder_version=\u00bb4.19.4&#8243; _module_preset=\u00bbdefault\u00bb width=\u00bb70%\u00bb custom_padding=\u00bb||0px||false|false\u00bb hover_enabled=\u00bb0&#8243; global_colors_info=\u00bb{}\u00bb sticky_enabled=\u00bb0&#8243;][et_pb_column type=\u00bb4_4&#8243; _builder_version=\u00bb4.19.4&#8243; _module_preset=\u00bbdefault\u00bb global_colors_info=\u00bb{}\u00bb][et_pb_text _builder_version=\u00bb4.19.4&#8243; _module_preset=\u00bbdefault\u00bb header_text_align=\u00bbcenter\u00bb header_font_size=\u00bb32px\u00bb header_line_height=\u00bb1.6em\u00bb global_colors_info=\u00bb{}\u00bb]<\/p>\n<h1 style=\"text-align: center;\"><span style=\"border-bottom: 2px solid #ee6161;\">Solicitud de subvenci\u00f3n para la seguridad y educaci\u00f3n sobre medicaci\u00f3n pedi\u00e1trica<\/span><\/h1>\n<p>[\/et_pb_text][et_pb_text _builder_version=\u00bb4.19.4&#8243; _module_preset=\u00bbdefault\u00bb header_text_align=\u00bbcenter\u00bb header_font_size=\u00bb32px\u00bb header_line_height=\u00bb1.6em\u00bb text_orientation=\u00bbcenter\u00bb width=\u00bb75%\u00bb module_alignment=\u00bbcenter\u00bb hover_enabled=\u00bb0&#8243; global_colors_info=\u00bb{}\u00bb sticky_enabled=\u00bb0&#8243;]<\/p>\n<p style=\"text-align: center;\">Esta solicitud de subvenci\u00f3n debe presentarse antes del 29 de marzo de 2024. Financiar\u00e1 la tarifa de suscripci\u00f3n de SafeDose durante un a\u00f1o. Le informaremos si re\u00fane los requisitos antes del 29 de mayo de 2024.<\/p>\n<p>[\/et_pb_text][\/et_pb_column][\/et_pb_row][et_pb_row _builder_version=\u00bb4.19.4&#8243; _module_preset=\u00bbdefault\u00bb custom_margin=\u00bb0px||||false|false\u00bb custom_padding=\u00bb0px||||false|false\u00bb global_colors_info=\u00bb{}\u00bb][et_pb_column type=\u00bb4_4&#8243; _builder_version=\u00bb4.19.4&#8243; _module_preset=\u00bbdefault\u00bb global_colors_info=\u00bb{}\u00bb][et_pb_divider show_divider=\u00bboff\u00bb _builder_version=\u00bb4.19.4&#8243; _module_preset=\u00bbdefault\u00bb global_colors_info=\u00bb{}\u00bb][\/et_pb_divider][et_pb_code _builder_version=\u00bb4.19.4&#8243; _module_preset=\u00bbdefault\u00bb global_colors_info=\u00bb{}\u00bb]<!-- [et_pb_line_break_holder] -->    <iframe<!-- [et_pb_line_break_holder] -->      id=\u00bbJotFormIFrame-240364286078158&#8243;<!-- [et_pb_line_break_holder] -->      title=\u00bbSpanish &#8211; Website &#8211; Pediatric Medication Safety Grant Application\u00bb<!-- [et_pb_line_break_holder] -->      onload=\u00bbwindow.parent.scrollTo(0,0)\u00bb<!-- [et_pb_line_break_holder] -->      allowtransparency=\u00bbtrue\u00bb<!-- [et_pb_line_break_holder] -->      allowfullscreen=\u00bbtrue\u00bb<!-- [et_pb_line_break_holder] -->      allow=\u00bbgeolocation; microphone; camera\u00bb<!-- [et_pb_line_break_holder] -->      src=\u00bbhttps:\/\/form.jotform.com\/240364286078158&#8243;<!-- [et_pb_line_break_holder] -->      frameborder=\u00bb0&#8243;<!-- [et_pb_line_break_holder] -->      style=\u00bbmin-width:100%;max-width:100%;height:539px;border:none;\u00bb<!-- [et_pb_line_break_holder] -->      scrolling=\u00bbno\u00bb<!-- [et_pb_line_break_holder] -->    ><!-- [et_pb_line_break_holder] -->    <\/iframe><!-- [et_pb_line_break_holder] -->    <script type=\"text\/javascript\"><!-- [et_pb_line_break_holder] -->    var ifr = document.getElementById(\"JotFormIFrame-240364286078158\");<!-- [et_pb_line_break_holder] -->    if (ifr) {<!-- [et_pb_line_break_holder] -->      var src = ifr.src;<!-- [et_pb_line_break_holder] -->      var iframeParams = [];<!-- [et_pb_line_break_holder] -->      if (window.location.href && window.location.href.indexOf(\"?\") > -1) {<!-- [et_pb_line_break_holder] -->        iframeParams = iframeParams.concat(window.location.href.substr(window.location.href.indexOf(\"?\") + 1).split('&'));<!-- [et_pb_line_break_holder] -->      }<!-- [et_pb_line_break_holder] -->      if (src && src.indexOf(\"?\") > -1) {<!-- [et_pb_line_break_holder] -->        iframeParams = iframeParams.concat(src.substr(src.indexOf(\"?\") + 1).split(\"&\"));<!-- [et_pb_line_break_holder] -->        src = src.substr(0, src.indexOf(\"?\"))<!-- [et_pb_line_break_holder] -->      }<!-- [et_pb_line_break_holder] -->      iframeParams.push(\"isIframeEmbed=1\");<!-- [et_pb_line_break_holder] -->      ifr.src = src + \"?\" + iframeParams.join('&');<!-- [et_pb_line_break_holder] -->    }<!-- [et_pb_line_break_holder] -->    window.handleIFrameMessage = function(e) {<!-- [et_pb_line_break_holder] -->      if (typeof e.data === 'object') { return; }<!-- [et_pb_line_break_holder] -->      var args = e.data.split(\":\");<!-- [et_pb_line_break_holder] -->      if (args.length > 2) { iframe = document.getElementById(\"JotFormIFrame-\" + args[(args.length - 1)]); } else { iframe = document.getElementById(\"JotFormIFrame\"); }<!-- [et_pb_line_break_holder] -->      if (!iframe) { return; }<!-- [et_pb_line_break_holder] -->      switch (args[0]) {<!-- [et_pb_line_break_holder] -->        case \"scrollIntoView\":<!-- [et_pb_line_break_holder] -->          iframe.scrollIntoView();<!-- [et_pb_line_break_holder] -->          break;<!-- [et_pb_line_break_holder] -->        case \"setHeight\":<!-- [et_pb_line_break_holder] -->          iframe.style.height = args[1] + \"px\";<!-- [et_pb_line_break_holder] -->          if (!isNaN(args[1]) && parseInt(iframe.style.minHeight) > parseInt(args[1])) {<!-- [et_pb_line_break_holder] -->            iframe.style.minHeight = args[1] + \"px\";<!-- [et_pb_line_break_holder] -->          }<!-- [et_pb_line_break_holder] -->          break;<!-- [et_pb_line_break_holder] -->        case \"collapseErrorPage\":<!-- [et_pb_line_break_holder] -->          if (iframe.clientHeight > window.innerHeight) {<!-- [et_pb_line_break_holder] -->            iframe.style.height = window.innerHeight + \"px\";<!-- [et_pb_line_break_holder] -->          }<!-- [et_pb_line_break_holder] -->          break;<!-- [et_pb_line_break_holder] -->        case \"reloadPage\":<!-- [et_pb_line_break_holder] -->          window.location.reload();<!-- [et_pb_line_break_holder] -->          break;<!-- [et_pb_line_break_holder] -->        case \"loadScript\":<!-- [et_pb_line_break_holder] -->          if( !window.isPermitted(e.origin, ['jotform.com', 'jotform.pro']) ) { break; }<!-- [et_pb_line_break_holder] -->          var src = args[1];<!-- [et_pb_line_break_holder] -->          if (args.length > 3) {<!-- [et_pb_line_break_holder] -->              src = args[1] + ':' + args[2];<!-- [et_pb_line_break_holder] -->          }<!-- [et_pb_line_break_holder] -->          var script = document.createElement('script');<!-- [et_pb_line_break_holder] -->          script.src = src;<!-- [et_pb_line_break_holder] -->          script.type = 'text\/javascript';<!-- [et_pb_line_break_holder] -->          document.body.appendChild(script);<!-- [et_pb_line_break_holder] -->          break;<!-- [et_pb_line_break_holder] -->        case \"exitFullscreen\":<!-- [et_pb_line_break_holder] -->          if      (window.document.exitFullscreen)        window.document.exitFullscreen();<!-- [et_pb_line_break_holder] -->          else if (window.document.mozCancelFullScreen)   window.document.mozCancelFullScreen();<!-- [et_pb_line_break_holder] -->          else if (window.document.mozCancelFullscreen)   window.document.mozCancelFullScreen();<!-- [et_pb_line_break_holder] -->          else if (window.document.webkitExitFullscreen)  window.document.webkitExitFullscreen();<!-- [et_pb_line_break_holder] -->          else if (window.document.msExitFullscreen)      window.document.msExitFullscreen();<!-- [et_pb_line_break_holder] -->          break;<!-- [et_pb_line_break_holder] -->      }<!-- [et_pb_line_break_holder] -->      var isJotForm = (e.origin.indexOf(\"jotform\") > -1) ? true : false;<!-- [et_pb_line_break_holder] -->      if(isJotForm && \"contentWindow\" in iframe && \"postMessage\" in iframe.contentWindow) {<!-- [et_pb_line_break_holder] -->        var urls = {\"docurl\":encodeURIComponent(document.URL),\"referrer\":encodeURIComponent(document.referrer)};<!-- [et_pb_line_break_holder] -->        iframe.contentWindow.postMessage(JSON.stringify({\"type\":\"urls\",\"value\":urls}), \"*\");<!-- [et_pb_line_break_holder] -->      }<!-- [et_pb_line_break_holder] -->    };<!-- [et_pb_line_break_holder] -->    window.isPermitted = function(originUrl, whitelisted_domains) {<!-- [et_pb_line_break_holder] -->      var url = document.createElement('a');<!-- [et_pb_line_break_holder] -->      url.href = originUrl;<!-- [et_pb_line_break_holder] -->      var hostname = url.hostname;<!-- [et_pb_line_break_holder] -->      var result = false;<!-- [et_pb_line_break_holder] -->      if( typeof hostname !== 'undefined' ) {<!-- [et_pb_line_break_holder] -->        whitelisted_domains.forEach(function(element) {<!-- [et_pb_line_break_holder] -->            if( hostname.slice((-1 * element.length - 1)) === '.'.concat(element) ||  hostname === element ) {<!-- [et_pb_line_break_holder] -->                result = true;<!-- [et_pb_line_break_holder] -->            }<!-- [et_pb_line_break_holder] -->        });<!-- [et_pb_line_break_holder] -->        return result;<!-- [et_pb_line_break_holder] -->      }<!-- [et_pb_line_break_holder] -->    };<!-- [et_pb_line_break_holder] -->    if (window.addEventListener) {<!-- [et_pb_line_break_holder] -->      window.addEventListener(\"message\", handleIFrameMessage, false);<!-- [et_pb_line_break_holder] -->    } else if (window.attachEvent) {<!-- [et_pb_line_break_holder] -->      window.attachEvent(\"onmessage\", handleIFrameMessage);<!-- [et_pb_line_break_holder] -->    }<!-- [et_pb_line_break_holder] -->    <\/script>[\/et_pb_code][\/et_pb_column][\/et_pb_row][\/et_pb_section]<\/p>\n","protected":false},"excerpt":{"rendered":"<p>Solicitud de subvenci\u00f3n para la seguridad y educaci\u00f3n sobre medicaci\u00f3n pedi\u00e1tricaEsta solicitud de subvenci\u00f3n debe presentarse antes del 29 de marzo de 2024. Financiar\u00e1 la tarifa de suscripci\u00f3n de SafeDose durante un a\u00f1o. Le informaremos si re\u00fane los requisitos antes del 29 de mayo de 2024.<\/p>\n","protected":false},"author":1,"featured_media":0,"parent":0,"menu_order":0,"comment_status":"closed","ping_status":"closed","template":"","meta":{"_et_pb_use_builder":"on","_et_pb_old_content":"<p>[et_pb_section fb_built=\"1\" _builder_version=\"4.19.4\" _module_preset=\"default\" locked=\"off\" global_colors_info=\"{}\"][\/et_pb_section][et_pb_section fb_built=\"1\" _builder_version=\"4.19.4\" _module_preset=\"default\" custom_margin=\"5vh||||false|false\" custom_margin_tablet=\"5vh||||false|false\" custom_margin_phone=\"0vh||||false|false\" custom_margin_last_edited=\"on|phone\" locked=\"off\" global_colors_info=\"{}\"][et_pb_row _builder_version=\"4.19.4\" _module_preset=\"default\" width=\"75%\" custom_padding=\"||0px||false|false\" global_colors_info=\"{}\"][et_pb_column type=\"4_4\" _builder_version=\"4.19.4\" _module_preset=\"default\" global_colors_info=\"{}\"][et_pb_text _builder_version=\"4.19.4\" _module_preset=\"default\" header_text_align=\"center\" header_font_size=\"32px\" header_line_height=\"1.6em\" global_colors_info=\"{}\"]<\/p><h1 style=\"text-align: center;\"><span style=\"border-bottom: 2px solid #ee6161;\">Pediatric Medication Safety & Education Grant Application<\/span><\/h1><p>[\/et_pb_text][et_pb_text _builder_version=\"4.19.4\" _module_preset=\"default\" header_text_align=\"center\" header_font_size=\"32px\" header_line_height=\"1.6em\" text_orientation=\"center\" width=\"70%\" module_alignment=\"center\" global_colors_info=\"{}\"]<\/p><p style=\"text-align: center;\">This grant application is due by March 4th, 2024. It will fund up to 95% of the SafeDose subscription fee for one year. We will inform you if you qualify and of the amount awarded by March 28th, 2024.<\/p><p>[\/et_pb_text][\/et_pb_column][\/et_pb_row][et_pb_row _builder_version=\"4.19.4\" _module_preset=\"default\" custom_margin=\"0px||||false|false\" custom_padding=\"0px||||false|false\" global_colors_info=\"{}\"][et_pb_column type=\"4_4\" _builder_version=\"4.19.4\" _module_preset=\"default\" global_colors_info=\"{}\"][et_pb_divider show_divider=\"off\" _builder_version=\"4.19.4\" _module_preset=\"default\" global_colors_info=\"{}\"][\/et_pb_divider][et_pb_code _builder_version=\"4.19.4\" _module_preset=\"default\" global_colors_info=\"{}\"] <iframe id=\"JotFormIFrame-232214919720150\" style=\"min-width: 100%; max-width: 100%; height: 539px; border: none;\" title=\"Website - Pediatric Medication Safety Grant Application\" src=\"https:\/\/form.jotform.com\/232214919720150\" frameborder=\"0\" scrolling=\"no\" allowfullscreen=\"allowfullscreen\" data-mce-fragment=\"1\"> <\/iframe> <script type=\"text\/javascript\"> var ifr = document.getElementById(\"JotFormIFrame-232214919720150\"); if (ifr) { var src = ifr.src; var iframeParams = []; if (window.location.href && window.location.href.indexOf(\"?\") > -1) { iframeParams = iframeParams.concat(window.location.href.substr(window.location.href.indexOf(\"?\") + 1).split('&')); } if (src && src.indexOf(\"?\") > -1) { iframeParams = iframeParams.concat(src.substr(src.indexOf(\"?\") + 1).split(\"&\")); src = src.substr(0, src.indexOf(\"?\")) } iframeParams.push(\"isIframeEmbed=1\"); ifr.src = src + \"?\" + iframeParams.join('&'); } window.handleIFrameMessage = function(e) { if (typeof e.data === 'object') { return; } var args = e.data.split(\":\"); if (args.length > 2) { iframe = document.getElementById(\"JotFormIFrame-\" + args[(args.length - 1)]); } else { iframe = document.getElementById(\"JotFormIFrame\"); } if (!iframe) { return; } switch (args[0]) { case \"scrollIntoView\": iframe.scrollIntoView(); break; case \"setHeight\": iframe.style.height = args[1] + \"px\"; if (!isNaN(args[1]) && parseInt(iframe.style.minHeight) > parseInt(args[1])) { iframe.style.minHeight = args[1] + \"px\"; } break; case \"collapseErrorPage\": if (iframe.clientHeight > window.innerHeight) { iframe.style.height = window.innerHeight + \"px\"; } break; case \"reloadPage\": window.location.reload(); break; case \"loadScript\": if( !window.isPermitted(e.origin, ['jotform.com', 'jotform.pro']) ) { break; } var src = args[1]; if (args.length > 3) { src = args[1] + ':' + args[2]; } var script = document.createElement('script'); script.src = src; script.type = 'text\/javascript'; document.body.appendChild(script); break; case \"exitFullscreen\": if (window.document.exitFullscreen) window.document.exitFullscreen(); else if (window.document.mozCancelFullScreen) window.document.mozCancelFullScreen(); else if (window.document.mozCancelFullscreen) window.document.mozCancelFullScreen(); else if (window.document.webkitExitFullscreen) window.document.webkitExitFullscreen(); else if (window.document.msExitFullscreen) window.document.msExitFullscreen(); break; } var isJotForm = (e.origin.indexOf(\"jotform\") > -1) ? true : false; if(isJotForm && \"contentWindow\" in iframe && \"postMessage\" in iframe.contentWindow) { var urls = {\"docurl\":encodeURIComponent(document.URL),\"referrer\":encodeURIComponent(document.referrer)}; iframe.contentWindow.postMessage(JSON.stringify({\"type\":\"urls\",\"value\":urls}), \"*\"); } }; window.isPermitted = function(originUrl, whitelisted_domains) { var url = document.createElement('a'); url.href = originUrl; var hostname = url.hostname; var result = false; if( typeof hostname !== 'undefined' ) { whitelisted_domains.forEach(function(element) { if( hostname.slice((-1 * element.length - 1)) === '.'.concat(element) || hostname === element ) { result = true; } }); return result; } }; if (window.addEventListener) { window.addEventListener(\"message\", handleIFrameMessage, false); } else if (window.attachEvent) { window.attachEvent(\"onmessage\", handleIFrameMessage); } <\/script>[\/et_pb_code][\/et_pb_column][\/et_pb_row][\/et_pb_section]<\/p>","_et_gb_content_width":"","inline_featured_image":false},"acf":[],"yoast_head":"<!-- This site is optimized with the Yoast SEO plugin v20.13 - https:\/\/yoast.com\/wordpress\/plugins\/seo\/ -->\n<title>Grant Application - SafeDose<\/title>\n<meta name=\"robots\" content=\"noindex, nofollow\" \/>\n<meta property=\"og:locale\" content=\"es_ES\" \/>\n<meta property=\"og:type\" content=\"article\" \/>\n<meta property=\"og:title\" content=\"Grant Application - SafeDose\" \/>\n<meta property=\"og:description\" content=\"Solicitud de subvenci\u00f3n para la seguridad y educaci\u00f3n sobre medicaci\u00f3n pedi\u00e1tricaEsta solicitud de subvenci\u00f3n debe presentarse antes del 29 de marzo de 2024. Financiar\u00e1 la tarifa de suscripci\u00f3n de SafeDose durante un a\u00f1o. Le informaremos si re\u00fane los requisitos antes del 29 de mayo de 2024.\" \/>\n<meta property=\"og:site_name\" content=\"SafeDose\" \/>\n<meta property=\"article:modified_time\" content=\"2024-02-07T13:26:44+00:00\" \/>\n<meta name=\"twitter:card\" content=\"summary_large_image\" \/>\n<meta name=\"twitter:label1\" content=\"Tiempo de lectura\" \/>\n\t<meta name=\"twitter:data1\" content=\"1 minuto\" \/>\n<script type=\"application\/ld+json\" class=\"yoast-schema-graph\">{\"@context\":\"https:\/\/schema.org\",\"@graph\":[{\"@type\":\"WebPage\",\"@id\":\"https:\/\/www.safedoseinc.com\/es\/grant-application\/\",\"url\":\"https:\/\/www.safedoseinc.com\/es\/grant-application\/\",\"name\":\"Grant Application - SafeDose\",\"isPartOf\":{\"@id\":\"https:\/\/52.201.70.6\/es\/#website\"},\"datePublished\":\"2023-08-02T20:32:08+00:00\",\"dateModified\":\"2024-02-07T13:26:44+00:00\",\"breadcrumb\":{\"@id\":\"https:\/\/www.safedoseinc.com\/es\/grant-application\/#breadcrumb\"},\"inLanguage\":\"es\",\"potentialAction\":[{\"@type\":\"ReadAction\",\"target\":[\"https:\/\/www.safedoseinc.com\/es\/grant-application\/\"]}]},{\"@type\":\"BreadcrumbList\",\"@id\":\"https:\/\/www.safedoseinc.com\/es\/grant-application\/#breadcrumb\",\"itemListElement\":[{\"@type\":\"ListItem\",\"position\":1,\"name\":\"Home\",\"item\":\"https:\/\/52.201.70.6\/es\/\"},{\"@type\":\"ListItem\",\"position\":2,\"name\":\"Grant Application\"}]},{\"@type\":\"WebSite\",\"@id\":\"https:\/\/52.201.70.6\/es\/#website\",\"url\":\"https:\/\/52.201.70.6\/es\/\",\"name\":\"SafeDose\",\"description\":\"Be Ready. Be Confident. Be Sure.\",\"publisher\":{\"@id\":\"https:\/\/52.201.70.6\/es\/#organization\"},\"potentialAction\":[{\"@type\":\"SearchAction\",\"target\":{\"@type\":\"EntryPoint\",\"urlTemplate\":\"https:\/\/52.201.70.6\/es\/?s={search_term_string}\"},\"query-input\":\"required name=search_term_string\"}],\"inLanguage\":\"es\"},{\"@type\":\"Organization\",\"@id\":\"https:\/\/52.201.70.6\/es\/#organization\",\"name\":\"SafeDose Inc\",\"url\":\"https:\/\/52.201.70.6\/es\/\",\"logo\":{\"@type\":\"ImageObject\",\"inLanguage\":\"es\",\"@id\":\"https:\/\/52.201.70.6\/es\/#\/schema\/logo\/image\/\",\"url\":\"https:\/\/www.safedoseinc.com\/wp-content\/uploads\/2023\/02\/cropped-safedoseinc-512x512-1.png\",\"contentUrl\":\"https:\/\/www.safedoseinc.com\/wp-content\/uploads\/2023\/02\/cropped-safedoseinc-512x512-1.png\",\"width\":512,\"height\":512,\"caption\":\"SafeDose Inc\"},\"image\":{\"@id\":\"https:\/\/52.201.70.6\/es\/#\/schema\/logo\/image\/\"}}]}<\/script>\n<!-- \/ Yoast SEO plugin. -->","yoast_head_json":{"title":"Grant Application - SafeDose","robots":{"index":"noindex","follow":"nofollow"},"og_locale":"es_ES","og_type":"article","og_title":"Grant Application - SafeDose","og_description":"Solicitud de subvenci\u00f3n para la seguridad y educaci\u00f3n sobre medicaci\u00f3n pedi\u00e1tricaEsta solicitud de subvenci\u00f3n debe presentarse antes del 29 de marzo de 2024. Financiar\u00e1 la tarifa de suscripci\u00f3n de SafeDose durante un a\u00f1o. Le informaremos si re\u00fane los requisitos antes del 29 de mayo de 2024.","og_site_name":"SafeDose","article_modified_time":"2024-02-07T13:26:44+00:00","twitter_card":"summary_large_image","twitter_misc":{"Tiempo de lectura":"1 minuto"},"schema":{"@context":"https:\/\/schema.org","@graph":[{"@type":"WebPage","@id":"https:\/\/www.safedoseinc.com\/es\/grant-application\/","url":"https:\/\/www.safedoseinc.com\/es\/grant-application\/","name":"Grant Application - SafeDose","isPartOf":{"@id":"https:\/\/52.201.70.6\/es\/#website"},"datePublished":"2023-08-02T20:32:08+00:00","dateModified":"2024-02-07T13:26:44+00:00","breadcrumb":{"@id":"https:\/\/www.safedoseinc.com\/es\/grant-application\/#breadcrumb"},"inLanguage":"es","potentialAction":[{"@type":"ReadAction","target":["https:\/\/www.safedoseinc.com\/es\/grant-application\/"]}]},{"@type":"BreadcrumbList","@id":"https:\/\/www.safedoseinc.com\/es\/grant-application\/#breadcrumb","itemListElement":[{"@type":"ListItem","position":1,"name":"Home","item":"https:\/\/52.201.70.6\/es\/"},{"@type":"ListItem","position":2,"name":"Grant Application"}]},{"@type":"WebSite","@id":"https:\/\/52.201.70.6\/es\/#website","url":"https:\/\/52.201.70.6\/es\/","name":"SafeDose","description":"Be Ready. Be Confident. Be Sure.","publisher":{"@id":"https:\/\/52.201.70.6\/es\/#organization"},"potentialAction":[{"@type":"SearchAction","target":{"@type":"EntryPoint","urlTemplate":"https:\/\/52.201.70.6\/es\/?s={search_term_string}"},"query-input":"required name=search_term_string"}],"inLanguage":"es"},{"@type":"Organization","@id":"https:\/\/52.201.70.6\/es\/#organization","name":"SafeDose Inc","url":"https:\/\/52.201.70.6\/es\/","logo":{"@type":"ImageObject","inLanguage":"es","@id":"https:\/\/52.201.70.6\/es\/#\/schema\/logo\/image\/","url":"https:\/\/www.safedoseinc.com\/wp-content\/uploads\/2023\/02\/cropped-safedoseinc-512x512-1.png","contentUrl":"https:\/\/www.safedoseinc.com\/wp-content\/uploads\/2023\/02\/cropped-safedoseinc-512x512-1.png","width":512,"height":512,"caption":"SafeDose Inc"},"image":{"@id":"https:\/\/52.201.70.6\/es\/#\/schema\/logo\/image\/"}}]}},"_links":{"self":[{"href":"https:\/\/www.safedoseinc.com\/es\/wp-json\/wp\/v2\/pages\/1929"}],"collection":[{"href":"https:\/\/www.safedoseinc.com\/es\/wp-json\/wp\/v2\/pages"}],"about":[{"href":"https:\/\/www.safedoseinc.com\/es\/wp-json\/wp\/v2\/types\/page"}],"author":[{"embeddable":true,"href":"https:\/\/www.safedoseinc.com\/es\/wp-json\/wp\/v2\/users\/1"}],"replies":[{"embeddable":true,"href":"https:\/\/www.safedoseinc.com\/es\/wp-json\/wp\/v2\/comments?post=1929"}],"version-history":[{"count":3,"href":"https:\/\/www.safedoseinc.com\/es\/wp-json\/wp\/v2\/pages\/1929\/revisions"}],"predecessor-version":[{"id":1934,"href":"https:\/\/www.safedoseinc.com\/es\/wp-json\/wp\/v2\/pages\/1929\/revisions\/1934"}],"wp:attachment":[{"href":"https:\/\/www.safedoseinc.com\/es\/wp-json\/wp\/v2\/media?parent=1929"}],"curies":[{"name":"wp","href":"https:\/\/api.w.org\/{rel}","templated":true}]}}