{"id":2458,"date":"2025-06-05T08:22:52","date_gmt":"2025-06-05T12:22:52","guid":{"rendered":"https:\/\/www.safedoseinc.com\/grant-survey-copy\/"},"modified":"2025-06-05T08:23:52","modified_gmt":"2025-06-05T12:23:52","slug":"grant-survey-thankyou","status":"publish","type":"page","link":"https:\/\/www.safedoseinc.com\/es\/grant-survey-thankyou\/","title":{"rendered":"ES-Grant Survey-Thank-You"},"content":{"rendered":"<p>[et_pb_section fb_built=\u00bb1&#8243; _builder_version=\u00bb4.19.4&#8243; _module_preset=\u00bbdefault\u00bb locked=\u00bboff\u00bb global_colors_info=\u00bb{}\u00bb][\/et_pb_section][et_pb_section fb_built=\u00bb1&#8243; _builder_version=\u00bb4.19.4&#8243; _module_preset=\u00bbdefault\u00bb custom_margin=\u00bb5vh||||false|false\u00bb custom_margin_tablet=\u00bb5vh||||false|false\u00bb custom_margin_phone=\u00bb0vh||||false|false\u00bb custom_margin_last_edited=\u00bbon|phone\u00bb locked=\u00bboff\u00bb global_colors_info=\u00bb{}\u00bb][et_pb_row _builder_version=\u00bb4.19.4&#8243; _module_preset=\u00bbdefault\u00bb width=\u00bb75%\u00bb custom_padding=\u00bb||0px||false|false\u00bb global_colors_info=\u00bb{}\u00bb][et_pb_column type=\u00bb4_4&#8243; _builder_version=\u00bb4.19.4&#8243; _module_preset=\u00bbdefault\u00bb global_colors_info=\u00bb{}\u00bb][et_pb_text _builder_version=\u00bb4.19.4&#8243; _module_preset=\u00bbdefault\u00bb header_text_align=\u00bbcenter\u00bb header_font_size=\u00bb32px\u00bb header_line_height=\u00bb1.6em\u00bb global_colors_info=\u00bb{}\u00bb]<\/p>\n<h1 style=\"text-align: center\"><span style=\"border-bottom: 2px solid #ee6161\">Encuesta de SafeDose para la UdeA<\/span><\/h1>\n<p>[\/et_pb_text][et_pb_text _builder_version=\u00bb4.19.4&#8243; _module_preset=\u00bbdefault\u00bb header_text_align=\u00bbcenter\u00bb header_font_size=\u00bb32px\u00bb header_line_height=\u00bb1.6em\u00bb text_orientation=\u00bbcenter\u00bb width=\u00bb70%\u00bb module_alignment=\u00bbcenter\u00bb hover_enabled=\u00bb0&#8243; global_colors_info=\u00bb{}\u00bb sticky_enabled=\u00bb0&#8243;]<\/p>\n<p style=\"text-align: center\">Gracias por completar la encuesta; su opini\u00f3n es muy valiosa y nos ayudar\u00e1 a mejorar SafeDose como herramienta de referencia para la dosificaci\u00f3n y administraci\u00f3n de medicamentos en pacientes pedi\u00e1tricos. <\/p>\n<p>[\/et_pb_text][\/et_pb_column][\/et_pb_row][\/et_pb_section]<\/p>\n","protected":false},"excerpt":{"rendered":"<p>Encuesta de SafeDose para la UdeAGracias por completar la encuesta; su opini\u00f3n es muy valiosa y nos ayudar\u00e1 a mejorar SafeDose como herramienta de referencia para la dosificaci\u00f3n y administraci\u00f3n de medicamentos en pacientes pedi\u00e1tricos.<\/p>\n","protected":false},"author":1,"featured_media":0,"parent":0,"menu_order":0,"comment_status":"closed","ping_status":"closed","template":"","meta":{"_et_pb_use_builder":"on","_et_pb_old_content":"","_et_gb_content_width":"","inline_featured_image":false},"acf":[],"yoast_head":"<!-- This site is optimized with the Yoast SEO plugin v20.13 - https:\/\/yoast.com\/wordpress\/plugins\/seo\/ -->\n<title>ES-Grant Survey-Thank-You - SafeDose<\/title>\n<meta name=\"robots\" content=\"index, follow, max-snippet:-1, max-image-preview:large, max-video-preview:-1\" \/>\n<link rel=\"canonical\" href=\"https:\/\/www.safedoseinc.com\/es\/grant-survey-thankyou\/\" \/>\n<meta property=\"og:locale\" content=\"es_ES\" \/>\n<meta property=\"og:type\" content=\"article\" \/>\n<meta property=\"og:title\" content=\"ES-Grant Survey-Thank-You - SafeDose\" \/>\n<meta property=\"og:description\" content=\"Encuesta de SafeDose para la UdeAGracias por completar la encuesta; su opini\u00f3n es muy valiosa y nos ayudar\u00e1 a mejorar SafeDose como herramienta de referencia para la dosificaci\u00f3n y administraci\u00f3n de medicamentos en pacientes pedi\u00e1tricos.\" \/>\n<meta property=\"og:site_name\" content=\"SafeDose\" \/>\n<meta property=\"article:modified_time\" content=\"2025-06-05T12:23:52+00:00\" \/>\n<meta name=\"twitter:card\" content=\"summary_large_image\" \/>\n<meta name=\"twitter:label1\" content=\"Tiempo de lectura\" \/>\n\t<meta name=\"twitter:data1\" content=\"1 minuto\" \/>\n<script type=\"application\/ld+json\" class=\"yoast-schema-graph\">{\"@context\":\"https:\/\/schema.org\",\"@graph\":[{\"@type\":\"WebPage\",\"@id\":\"https:\/\/www.safedoseinc.com\/es\/grant-survey-thankyou\/\",\"url\":\"https:\/\/www.safedoseinc.com\/es\/grant-survey-thankyou\/\",\"name\":\"ES-Grant Survey-Thank-You - SafeDose\",\"isPartOf\":{\"@id\":\"https:\/\/52.201.70.6\/es\/#website\"},\"datePublished\":\"2025-06-05T12:22:52+00:00\",\"dateModified\":\"2025-06-05T12:23:52+00:00\",\"breadcrumb\":{\"@id\":\"https:\/\/www.safedoseinc.com\/es\/grant-survey-thankyou\/#breadcrumb\"},\"inLanguage\":\"es\",\"potentialAction\":[{\"@type\":\"ReadAction\",\"target\":[\"https:\/\/www.safedoseinc.com\/es\/grant-survey-thankyou\/\"]}]},{\"@type\":\"BreadcrumbList\",\"@id\":\"https:\/\/www.safedoseinc.com\/es\/grant-survey-thankyou\/#breadcrumb\",\"itemListElement\":[{\"@type\":\"ListItem\",\"position\":1,\"name\":\"Home\",\"item\":\"https:\/\/52.201.70.6\/es\/\"},{\"@type\":\"ListItem\",\"position\":2,\"name\":\"ES-Grant Survey-Thank-You\"}]},{\"@type\":\"WebSite\",\"@id\":\"https:\/\/52.201.70.6\/es\/#website\",\"url\":\"https:\/\/52.201.70.6\/es\/\",\"name\":\"SafeDose\",\"description\":\"Be Ready. Be Confident. Be Sure.\",\"publisher\":{\"@id\":\"https:\/\/52.201.70.6\/es\/#organization\"},\"potentialAction\":[{\"@type\":\"SearchAction\",\"target\":{\"@type\":\"EntryPoint\",\"urlTemplate\":\"https:\/\/52.201.70.6\/es\/?s={search_term_string}\"},\"query-input\":\"required name=search_term_string\"}],\"inLanguage\":\"es\"},{\"@type\":\"Organization\",\"@id\":\"https:\/\/52.201.70.6\/es\/#organization\",\"name\":\"SafeDose Inc\",\"url\":\"https:\/\/52.201.70.6\/es\/\",\"logo\":{\"@type\":\"ImageObject\",\"inLanguage\":\"es\",\"@id\":\"https:\/\/52.201.70.6\/es\/#\/schema\/logo\/image\/\",\"url\":\"https:\/\/www.safedoseinc.com\/wp-content\/uploads\/2023\/02\/cropped-safedoseinc-512x512-1.png\",\"contentUrl\":\"https:\/\/www.safedoseinc.com\/wp-content\/uploads\/2023\/02\/cropped-safedoseinc-512x512-1.png\",\"width\":512,\"height\":512,\"caption\":\"SafeDose Inc\"},\"image\":{\"@id\":\"https:\/\/52.201.70.6\/es\/#\/schema\/logo\/image\/\"}}]}<\/script>\n<!-- \/ Yoast SEO plugin. -->","yoast_head_json":{"title":"ES-Grant Survey-Thank-You - SafeDose","robots":{"index":"index","follow":"follow","max-snippet":"max-snippet:-1","max-image-preview":"max-image-preview:large","max-video-preview":"max-video-preview:-1"},"canonical":"https:\/\/www.safedoseinc.com\/es\/grant-survey-thankyou\/","og_locale":"es_ES","og_type":"article","og_title":"ES-Grant Survey-Thank-You - SafeDose","og_description":"Encuesta de SafeDose para la UdeAGracias por completar la encuesta; su opini\u00f3n es muy valiosa y nos ayudar\u00e1 a mejorar SafeDose como herramienta de referencia para la dosificaci\u00f3n y administraci\u00f3n de medicamentos en pacientes pedi\u00e1tricos.","og_site_name":"SafeDose","article_modified_time":"2025-06-05T12:23:52+00:00","twitter_card":"summary_large_image","twitter_misc":{"Tiempo de lectura":"1 minuto"},"schema":{"@context":"https:\/\/schema.org","@graph":[{"@type":"WebPage","@id":"https:\/\/www.safedoseinc.com\/es\/grant-survey-thankyou\/","url":"https:\/\/www.safedoseinc.com\/es\/grant-survey-thankyou\/","name":"ES-Grant Survey-Thank-You - SafeDose","isPartOf":{"@id":"https:\/\/52.201.70.6\/es\/#website"},"datePublished":"2025-06-05T12:22:52+00:00","dateModified":"2025-06-05T12:23:52+00:00","breadcrumb":{"@id":"https:\/\/www.safedoseinc.com\/es\/grant-survey-thankyou\/#breadcrumb"},"inLanguage":"es","potentialAction":[{"@type":"ReadAction","target":["https:\/\/www.safedoseinc.com\/es\/grant-survey-thankyou\/"]}]},{"@type":"BreadcrumbList","@id":"https:\/\/www.safedoseinc.com\/es\/grant-survey-thankyou\/#breadcrumb","itemListElement":[{"@type":"ListItem","position":1,"name":"Home","item":"https:\/\/52.201.70.6\/es\/"},{"@type":"ListItem","position":2,"name":"ES-Grant Survey-Thank-You"}]},{"@type":"WebSite","@id":"https:\/\/52.201.70.6\/es\/#website","url":"https:\/\/52.201.70.6\/es\/","name":"SafeDose","description":"Be Ready. Be Confident. Be Sure.","publisher":{"@id":"https:\/\/52.201.70.6\/es\/#organization"},"potentialAction":[{"@type":"SearchAction","target":{"@type":"EntryPoint","urlTemplate":"https:\/\/52.201.70.6\/es\/?s={search_term_string}"},"query-input":"required name=search_term_string"}],"inLanguage":"es"},{"@type":"Organization","@id":"https:\/\/52.201.70.6\/es\/#organization","name":"SafeDose Inc","url":"https:\/\/52.201.70.6\/es\/","logo":{"@type":"ImageObject","inLanguage":"es","@id":"https:\/\/52.201.70.6\/es\/#\/schema\/logo\/image\/","url":"https:\/\/www.safedoseinc.com\/wp-content\/uploads\/2023\/02\/cropped-safedoseinc-512x512-1.png","contentUrl":"https:\/\/www.safedoseinc.com\/wp-content\/uploads\/2023\/02\/cropped-safedoseinc-512x512-1.png","width":512,"height":512,"caption":"SafeDose Inc"},"image":{"@id":"https:\/\/52.201.70.6\/es\/#\/schema\/logo\/image\/"}}]}},"_links":{"self":[{"href":"https:\/\/www.safedoseinc.com\/es\/wp-json\/wp\/v2\/pages\/2458"}],"collection":[{"href":"https:\/\/www.safedoseinc.com\/es\/wp-json\/wp\/v2\/pages"}],"about":[{"href":"https:\/\/www.safedoseinc.com\/es\/wp-json\/wp\/v2\/types\/page"}],"author":[{"embeddable":true,"href":"https:\/\/www.safedoseinc.com\/es\/wp-json\/wp\/v2\/users\/1"}],"replies":[{"embeddable":true,"href":"https:\/\/www.safedoseinc.com\/es\/wp-json\/wp\/v2\/comments?post=2458"}],"version-history":[{"count":2,"href":"https:\/\/www.safedoseinc.com\/es\/wp-json\/wp\/v2\/pages\/2458\/revisions"}],"predecessor-version":[{"id":2461,"href":"https:\/\/www.safedoseinc.com\/es\/wp-json\/wp\/v2\/pages\/2458\/revisions\/2461"}],"wp:attachment":[{"href":"https:\/\/www.safedoseinc.com\/es\/wp-json\/wp\/v2\/media?parent=2458"}],"curies":[{"name":"wp","href":"https:\/\/api.w.org\/{rel}","templated":true}]}}