{"id":668,"date":"2023-01-26T08:53:06","date_gmt":"2023-01-26T08:53:06","guid":{"rendered":"https:\/\/www.safedoseinc.com\/referencias-clinicas\/"},"modified":"2023-01-26T21:34:32","modified_gmt":"2023-01-26T21:34:32","slug":"referencias-clinicas","status":"publish","type":"page","link":"https:\/\/www.safedoseinc.com\/es\/referencias-clinicas\/","title":{"rendered":"Referencias cl\u00ednicas"},"content":{"rendered":"<p>[et_pb_section fb_built=\u00bb1&#8243; _builder_version=\u00bb4.19.4&#8243; _module_preset=\u00bbdefault\u00bb global_colors_info=\u00bb{}\u00bb][\/et_pb_section][et_pb_section fb_built=\u00bb1&#8243; theme_builder_area=\u00bbpost_content\u00bb _builder_version=\u00bb4.19.4&#8243; _module_preset=\u00bbdefault\u00bb custom_margin=\u00bb5vh||||false|false\u00bb hover_enabled=\u00bb0&#8243; sticky_enabled=\u00bb0&#8243; custom_margin_last_edited=\u00bbon|phone\u00bb custom_margin_phone=\u00bb0vh||||false|false\u00bb custom_margin_tablet=\u00bb5vh||||false|false\u00bb][et_pb_row _builder_version=\u00bb4.19.4&#8243; _module_preset=\u00bbdefault\u00bb global_colors_info=\u00bb{}\u00bb theme_builder_area=\u00bbpost_content\u00bb][et_pb_column type=\u00bb4_4&#8243; _builder_version=\u00bb4.19.4&#8243; _module_preset=\u00bbdefault\u00bb global_colors_info=\u00bb{}\u00bb theme_builder_area=\u00bbpost_content\u00bb][et_pb_text _builder_version=\u00bb4.19.4&#8243; _module_preset=\u00bbdefault\u00bb hover_enabled=\u00bb0&#8243; global_colors_info=\u00bb{}\u00bb theme_builder_area=\u00bbpost_content\u00bb header_text_align=\u00bbcenter\u00bb header_font_size=\u00bb32px\u00bb sticky_enabled=\u00bb0&#8243;]<\/p>\n<h1><span style=\"border-bottom: 2px solid #ee6161;\">Referencias cl\u00ednicas<\/span><\/h1>\n<p>[\/et_pb_text][\/et_pb_column][\/et_pb_row][et_pb_row _builder_version=\u00bb4.19.4&#8243; _module_preset=\u00bbdefault\u00bb theme_builder_area=\u00bbpost_content\u00bb][et_pb_column _builder_version=\u00bb4.19.4&#8243; _module_preset=\u00bbdefault\u00bb type=\u00bb4_4&#8243; theme_builder_area=\u00bbpost_content\u00bb][et_pb_text _builder_version=\u00bb4.19.4&#8243; _module_preset=\u00bbdefault\u00bb theme_builder_area=\u00bbpost_content\u00bb hover_enabled=\u00bb0&#8243; sticky_enabled=\u00bb0&#8243; text_font_size=\u00bb16px\u00bb header_2_font=\u00bb|700|||||||\u00bb header_2_font_size=\u00bb18px\u00bb header_2_line_height=\u00bb1.2em\u00bb link_text_color=\u00bb#EE6161&#8243;]Este documento enumera la bibliograf\u00eda recurrente utilizada para crear y actualizar contenidos cl\u00ednicos en las p\u00e1ginas de SafeDose. Esta lista se actualiza continuamente en un proceso constante de revisi\u00f3n para ser coherente con la informaci\u00f3n m\u00e1s actual disponible y reflejar la rutina en la pr\u00e1ctica cl\u00ednica.<\/p>\n<p>Adem\u00e1s de esta lista, se utilizan recursos de medicina basada en la evidencia, como revistas y gu\u00edas cl\u00ednicas, para situaciones concretas e informaci\u00f3n espec\u00edfica. Se examinan cr\u00edticamente art\u00edculos y directrices fiables y se emplean como recursos informativos datos relevantes sobre las drogas y su consumo.<\/p>\n<p>La informaci\u00f3n proporcionada en el producto SafeDose est\u00e1 dise\u00f1ada para apoyar, no para reemplazar, el juicio profesional y\/o la relaci\u00f3n que existe entre un paciente\/visitante del sitio y su proveedor de atenci\u00f3n m\u00e9dica.<\/p>\n<h2>Esenciales<\/h2>\n<ul>\n<li>Daily Med @ NIH: <a href=\"https:\/\/dailymed.nlm.nih.gov\/dailymed\/\">https:\/\/dailymed.nlm.nih.gov\/dailymed\/<\/a><br \/>\nProporciona la copia m\u00e1s reciente de los prospectos de los medicamentos aprobados por la FDA.<\/li>\n<li style=\"margin-top: 10px;\">Directrices, declaraciones y pol\u00edticas:\n<ul>\n<li>Academia Americana de M\u00e9dicos de Familia &#8211; AAFP: <a href=\"https:\/\/www.aafp.org\/home.html\">https:\/\/www.aafp.org\/home.html<\/a><\/li>\n<li>Academia Americana de Pediatr\u00eda &#8211; AAP: <a href=\"https:\/\/www.aap.org\/\">https:\/\/www.aap.org\/<\/a><\/li>\n<li>Colegio Americano de Cardiolog\u00eda &#8211; ACC: https:\/\/www.acc.org<\/li>\n<\/ul>\n<\/li>\n<\/ul>\n<h2>Libros de texto<\/h2>\n<ul>\n<li>Daily Med @ NIH: <a href=\"https:\/\/dailymed.nlm.nih.gov\/dailymed\/\">https:\/\/dailymed.nlm.nih.gov\/dailymed\/<\/a><br \/>\nProporciona la copia m\u00e1s reciente de los prospectos de los medicamentos aprobados por la FDA.<\/li>\n<li>Directrices, declaraciones y pol\u00edticas:\n<ul>\n<li>Academia Americana de M\u00e9dicos de Familia &#8211; AAFP: <a href=\"https:\/\/www.aafp.org\/home.html\">https:\/\/www.aafp.org\/home.html<\/a><\/li>\n<li>Academia Americana de Pediatr\u00eda &#8211; AAP: <a href=\"https:\/\/www.aap.org\/\">https:\/\/www.aap.org\/<\/a><\/li>\n<li>Colegio Americano de Cardiolog\u00eda &#8211; ACC: <a href=\"https:\/\/www.acc.org\">https:\/\/www.acc.org<\/a><\/li>\n<\/ul>\n<\/li>\n<\/ul>\n<p>[\/et_pb_text][\/et_pb_column][\/et_pb_row][et_pb_row _builder_version=\u00bb4.19.4&#8243; _module_preset=\u00bbdefault\u00bb theme_builder_area=\u00bbpost_content\u00bb custom_padding=\u00bb0px||0px|||\u00bb][et_pb_column _builder_version=\u00bb4.19.4&#8243; _module_preset=\u00bbdefault\u00bb type=\u00bb4_4&#8243; theme_builder_area=\u00bbpost_content\u00bb][et_pb_code _builder_version=\u00bb4.19.4&#8243; _module_preset=\u00bbdefault\u00bb theme_builder_area=\u00bbpost_content\u00bb hover_enabled=\u00bb0&#8243; sticky_enabled=\u00bb0&#8243;]<\/p>\n<style><!-- [et_pb_line_break_holder] -->  h2{<!-- [et_pb_line_break_holder] -->    margin-top:10px;<!-- [et_pb_line_break_holder] -->  }<!-- [et_pb_line_break_holder] --><\/style>\n<p>[\/et_pb_code][\/et_pb_column][\/et_pb_row][\/et_pb_section]<\/p>\n","protected":false},"excerpt":{"rendered":"<p>Referencias cl\u00ednicasEste documento enumera la bibliograf\u00eda recurrente utilizada para crear y actualizar contenidos cl\u00ednicos en las p\u00e1ginas de SafeDose. Esta lista se actualiza continuamente en un proceso constante de revisi\u00f3n para ser coherente con la informaci\u00f3n m\u00e1s actual disponible y reflejar la rutina en la pr\u00e1ctica cl\u00ednica. Adem\u00e1s de esta lista, se utilizan recursos de [&hellip;]<\/p>\n","protected":false},"author":4,"featured_media":0,"parent":0,"menu_order":0,"comment_status":"closed","ping_status":"closed","template":"","meta":{"_et_pb_use_builder":"on","_et_pb_old_content":"","_et_gb_content_width":"","inline_featured_image":false},"acf":[],"yoast_head":"<!-- This site is optimized with the Yoast SEO plugin v20.13 - https:\/\/yoast.com\/wordpress\/plugins\/seo\/ -->\n<title>Referencias cl\u00ednicas - SafeDose<\/title>\n<meta name=\"robots\" content=\"index, follow, max-snippet:-1, max-image-preview:large, max-video-preview:-1\" \/>\n<link rel=\"canonical\" href=\"https:\/\/www.safedoseinc.com\/es\/referencias-clinicas\/\" \/>\n<meta property=\"og:locale\" content=\"es_ES\" \/>\n<meta property=\"og:type\" content=\"article\" \/>\n<meta property=\"og:title\" content=\"Referencias cl\u00ednicas - SafeDose\" \/>\n<meta property=\"og:description\" content=\"Referencias cl\u00ednicasEste documento enumera la bibliograf\u00eda recurrente utilizada para crear y actualizar contenidos cl\u00ednicos en las p\u00e1ginas de SafeDose. Esta lista se actualiza continuamente en un proceso constante de revisi\u00f3n para ser coherente con la informaci\u00f3n m\u00e1s actual disponible y reflejar la rutina en la pr\u00e1ctica cl\u00ednica. Adem\u00e1s de esta lista, se utilizan recursos de [&hellip;]\" \/>\n<meta property=\"og:site_name\" content=\"SafeDose\" \/>\n<meta property=\"article:modified_time\" content=\"2023-01-26T21:34:32+00:00\" \/>\n<meta name=\"twitter:card\" content=\"summary_large_image\" \/>\n<meta name=\"twitter:label1\" content=\"Tiempo de lectura\" \/>\n\t<meta name=\"twitter:data1\" content=\"3 minutos\" \/>\n<script type=\"application\/ld+json\" class=\"yoast-schema-graph\">{\"@context\":\"https:\/\/schema.org\",\"@graph\":[{\"@type\":\"WebPage\",\"@id\":\"https:\/\/www.safedoseinc.com\/es\/referencias-clinicas\/\",\"url\":\"https:\/\/www.safedoseinc.com\/es\/referencias-clinicas\/\",\"name\":\"Referencias cl\u00ednicas - SafeDose\",\"isPartOf\":{\"@id\":\"https:\/\/www.safedoseinc.com\/#website\"},\"datePublished\":\"2023-01-26T08:53:06+00:00\",\"dateModified\":\"2023-01-26T21:34:32+00:00\",\"breadcrumb\":{\"@id\":\"https:\/\/www.safedoseinc.com\/es\/referencias-clinicas\/#breadcrumb\"},\"inLanguage\":\"es\",\"potentialAction\":[{\"@type\":\"ReadAction\",\"target\":[\"https:\/\/www.safedoseinc.com\/es\/referencias-clinicas\/\"]}]},{\"@type\":\"BreadcrumbList\",\"@id\":\"https:\/\/www.safedoseinc.com\/es\/referencias-clinicas\/#breadcrumb\",\"itemListElement\":[{\"@type\":\"ListItem\",\"position\":1,\"name\":\"Home\",\"item\":\"https:\/\/www.safedoseinc.com\/es\/\"},{\"@type\":\"ListItem\",\"position\":2,\"name\":\"Referencias cl\u00ednicas\"}]},{\"@type\":\"WebSite\",\"@id\":\"https:\/\/www.safedoseinc.com\/#website\",\"url\":\"https:\/\/www.safedoseinc.com\/\",\"name\":\"SafeDose\",\"description\":\"Be Ready. Be Confident. Be Sure.\",\"publisher\":{\"@id\":\"https:\/\/www.safedoseinc.com\/#organization\"},\"potentialAction\":[{\"@type\":\"SearchAction\",\"target\":{\"@type\":\"EntryPoint\",\"urlTemplate\":\"https:\/\/www.safedoseinc.com\/?s={search_term_string}\"},\"query-input\":\"required name=search_term_string\"}],\"inLanguage\":\"es\"},{\"@type\":\"Organization\",\"@id\":\"https:\/\/www.safedoseinc.com\/#organization\",\"name\":\"SafeDose Inc\",\"url\":\"https:\/\/www.safedoseinc.com\/\",\"logo\":{\"@type\":\"ImageObject\",\"inLanguage\":\"es\",\"@id\":\"https:\/\/www.safedoseinc.com\/#\/schema\/logo\/image\/\",\"url\":\"https:\/\/www.safedoseinc.com\/wp-content\/uploads\/2023\/02\/cropped-safedoseinc-512x512-1.png\",\"contentUrl\":\"https:\/\/www.safedoseinc.com\/wp-content\/uploads\/2023\/02\/cropped-safedoseinc-512x512-1.png\",\"width\":512,\"height\":512,\"caption\":\"SafeDose Inc\"},\"image\":{\"@id\":\"https:\/\/www.safedoseinc.com\/#\/schema\/logo\/image\/\"}}]}<\/script>\n<!-- \/ Yoast SEO plugin. -->","yoast_head_json":{"title":"Referencias cl\u00ednicas - SafeDose","robots":{"index":"index","follow":"follow","max-snippet":"max-snippet:-1","max-image-preview":"max-image-preview:large","max-video-preview":"max-video-preview:-1"},"canonical":"https:\/\/www.safedoseinc.com\/es\/referencias-clinicas\/","og_locale":"es_ES","og_type":"article","og_title":"Referencias cl\u00ednicas - SafeDose","og_description":"Referencias cl\u00ednicasEste documento enumera la bibliograf\u00eda recurrente utilizada para crear y actualizar contenidos cl\u00ednicos en las p\u00e1ginas de SafeDose. Esta lista se actualiza continuamente en un proceso constante de revisi\u00f3n para ser coherente con la informaci\u00f3n m\u00e1s actual disponible y reflejar la rutina en la pr\u00e1ctica cl\u00ednica. Adem\u00e1s de esta lista, se utilizan recursos de [&hellip;]","og_site_name":"SafeDose","article_modified_time":"2023-01-26T21:34:32+00:00","twitter_card":"summary_large_image","twitter_misc":{"Tiempo de lectura":"3 minutos"},"schema":{"@context":"https:\/\/schema.org","@graph":[{"@type":"WebPage","@id":"https:\/\/www.safedoseinc.com\/es\/referencias-clinicas\/","url":"https:\/\/www.safedoseinc.com\/es\/referencias-clinicas\/","name":"Referencias cl\u00ednicas - SafeDose","isPartOf":{"@id":"https:\/\/www.safedoseinc.com\/#website"},"datePublished":"2023-01-26T08:53:06+00:00","dateModified":"2023-01-26T21:34:32+00:00","breadcrumb":{"@id":"https:\/\/www.safedoseinc.com\/es\/referencias-clinicas\/#breadcrumb"},"inLanguage":"es","potentialAction":[{"@type":"ReadAction","target":["https:\/\/www.safedoseinc.com\/es\/referencias-clinicas\/"]}]},{"@type":"BreadcrumbList","@id":"https:\/\/www.safedoseinc.com\/es\/referencias-clinicas\/#breadcrumb","itemListElement":[{"@type":"ListItem","position":1,"name":"Home","item":"https:\/\/www.safedoseinc.com\/es\/"},{"@type":"ListItem","position":2,"name":"Referencias cl\u00ednicas"}]},{"@type":"WebSite","@id":"https:\/\/www.safedoseinc.com\/#website","url":"https:\/\/www.safedoseinc.com\/","name":"SafeDose","description":"Be Ready. Be Confident. Be Sure.","publisher":{"@id":"https:\/\/www.safedoseinc.com\/#organization"},"potentialAction":[{"@type":"SearchAction","target":{"@type":"EntryPoint","urlTemplate":"https:\/\/www.safedoseinc.com\/?s={search_term_string}"},"query-input":"required name=search_term_string"}],"inLanguage":"es"},{"@type":"Organization","@id":"https:\/\/www.safedoseinc.com\/#organization","name":"SafeDose Inc","url":"https:\/\/www.safedoseinc.com\/","logo":{"@type":"ImageObject","inLanguage":"es","@id":"https:\/\/www.safedoseinc.com\/#\/schema\/logo\/image\/","url":"https:\/\/www.safedoseinc.com\/wp-content\/uploads\/2023\/02\/cropped-safedoseinc-512x512-1.png","contentUrl":"https:\/\/www.safedoseinc.com\/wp-content\/uploads\/2023\/02\/cropped-safedoseinc-512x512-1.png","width":512,"height":512,"caption":"SafeDose Inc"},"image":{"@id":"https:\/\/www.safedoseinc.com\/#\/schema\/logo\/image\/"}}]}},"_links":{"self":[{"href":"https:\/\/www.safedoseinc.com\/es\/wp-json\/wp\/v2\/pages\/668"}],"collection":[{"href":"https:\/\/www.safedoseinc.com\/es\/wp-json\/wp\/v2\/pages"}],"about":[{"href":"https:\/\/www.safedoseinc.com\/es\/wp-json\/wp\/v2\/types\/page"}],"author":[{"embeddable":true,"href":"https:\/\/www.safedoseinc.com\/es\/wp-json\/wp\/v2\/users\/4"}],"replies":[{"embeddable":true,"href":"https:\/\/www.safedoseinc.com\/es\/wp-json\/wp\/v2\/comments?post=668"}],"version-history":[{"count":1,"href":"https:\/\/www.safedoseinc.com\/es\/wp-json\/wp\/v2\/pages\/668\/revisions"}],"predecessor-version":[{"id":669,"href":"https:\/\/www.safedoseinc.com\/es\/wp-json\/wp\/v2\/pages\/668\/revisions\/669"}],"wp:attachment":[{"href":"https:\/\/www.safedoseinc.com\/es\/wp-json\/wp\/v2\/media?parent=668"}],"curies":[{"name":"wp","href":"https:\/\/api.w.org\/{rel}","templated":true}]}}