{"id":666,"date":"2023-01-26T08:53:06","date_gmt":"2023-01-26T08:53:06","guid":{"rendered":"https:\/\/www.safedoseinc.com\/referencias-clinicas\/"},"modified":"2023-01-26T21:34:16","modified_gmt":"2023-01-26T21:34:16","slug":"referencias-clinicas","status":"publish","type":"page","link":"https:\/\/www.safedoseinc.com\/pt-br\/referencias-clinicas\/","title":{"rendered":"Refer\u00eancias cl\u00ednicas"},"content":{"rendered":"<p>[et_pb_section fb_built=&#8221;1&#8243; _builder_version=&#8221;4.19.4&#8243; _module_preset=&#8221;default&#8221; global_colors_info=&#8221;{}&#8221;][\/et_pb_section][et_pb_section fb_built=&#8221;1&#8243; theme_builder_area=&#8221;post_content&#8221; _builder_version=&#8221;4.19.4&#8243; _module_preset=&#8221;default&#8221; custom_margin=&#8221;5vh||||false|false&#8221; hover_enabled=&#8221;0&#8243; sticky_enabled=&#8221;0&#8243; custom_margin_last_edited=&#8221;on|phone&#8221; custom_margin_phone=&#8221;0vh||||false|false&#8221; custom_margin_tablet=&#8221;5vh||||false|false&#8221;][et_pb_row _builder_version=&#8221;4.19.4&#8243; _module_preset=&#8221;default&#8221; global_colors_info=&#8221;{}&#8221; theme_builder_area=&#8221;post_content&#8221;][et_pb_column type=&#8221;4_4&#8243; _builder_version=&#8221;4.19.4&#8243; _module_preset=&#8221;default&#8221; global_colors_info=&#8221;{}&#8221; theme_builder_area=&#8221;post_content&#8221;][et_pb_text _builder_version=&#8221;4.19.4&#8243; _module_preset=&#8221;default&#8221; hover_enabled=&#8221;0&#8243; global_colors_info=&#8221;{}&#8221; theme_builder_area=&#8221;post_content&#8221; header_text_align=&#8221;center&#8221; header_font_size=&#8221;32px&#8221; sticky_enabled=&#8221;0&#8243;]<\/p>\n<h1><span style=\"border-bottom: 2px solid #ee6161;\">Refer\u00eancias cl\u00ednicas<\/span><\/h1>\n<p>[\/et_pb_text][\/et_pb_column][\/et_pb_row][et_pb_row _builder_version=&#8221;4.19.4&#8243; _module_preset=&#8221;default&#8221; theme_builder_area=&#8221;post_content&#8221;][et_pb_column _builder_version=&#8221;4.19.4&#8243; _module_preset=&#8221;default&#8221; type=&#8221;4_4&#8243; theme_builder_area=&#8221;post_content&#8221;][et_pb_text _builder_version=&#8221;4.19.4&#8243; _module_preset=&#8221;default&#8221; theme_builder_area=&#8221;post_content&#8221; hover_enabled=&#8221;0&#8243; sticky_enabled=&#8221;0&#8243; text_font_size=&#8221;16px&#8221; header_2_font=&#8221;|700|||||||&#8221; header_2_font_size=&#8221;18px&#8221; header_2_line_height=&#8221;1.2em&#8221; link_text_color=&#8221;#EE6161&#8243;]Este documento lista a literatura recorrente utilizada para criar e actualizar conte\u00fado cl\u00ednico nas p\u00e1ginas do SafeDose. Esta lista \u00e9 continuamente actualizada num processo constante de revis\u00e3o para ser consistente com a informa\u00e7\u00e3o mais actual dispon\u00edvel e para reflectir a rotina na pr\u00e1tica cl\u00ednica.<\/p>\n<p>Para al\u00e9m desta lista, s\u00e3o utilizados recursos m\u00e9dicos baseados em provas, tais como revistas e directrizes cl\u00ednicas, para situa\u00e7\u00f5es particulares e informa\u00e7\u00e3o espec\u00edfica. Artigos e directrizes fi\u00e1veis s\u00e3o examinados criticamente e dados relevantes sobre drogas e uso de drogas s\u00e3o utilizados como recursos de informa\u00e7\u00e3o.<\/p>\n<p>A informa\u00e7\u00e3o fornecida no produto SafeDose foi concebida para apoiar, e n\u00e3o para substituir, o julgamento profissional e\/ou a rela\u00e7\u00e3o que existe entre um paciente\/visitante do local e o seu prestador de cuidados de sa\u00fade.<\/p>\n<h2>O essencial<\/h2>\n<ul>\n<li>Daily Med @ NIH: <a href=\"https:\/\/dailymed.nlm.nih.gov\/dailymed\/\">https:\/\/dailymed.nlm.nih.gov\/dailymed\/<\/a><br \/>\nFornece a c\u00f3pia mais recente dos folhetos de embalagem aprovados pela FDA para medicamentos aprovados pela FDA.<\/li>\n<li style=\"margin-top: 10px;\">Directrizes, declara\u00e7\u00f5es, e pol\u00edticas:\n<ul>\n<li>Academia Americana de M\u00e9dicos de Fam\u00edlia &#8211; AAFP: <a href=\"https:\/\/www.aafp.org\/home.html\">https:\/\/www.aafp.org\/home.html<\/a><\/li>\n<li>Academia Americana de Pediatria &#8211; AAP: <a href=\"https:\/\/www.aap.org\/\">https:\/\/www.aap.org\/<\/a><\/li>\n<li>Col\u00e9gio Americano de Cardiologia &#8211; ACC: https:\/\/www.acc.org<\/li>\n<\/ul>\n<\/li>\n<\/ul>\n<h2>Livros de texto<\/h2>\n<ul>\n<li>Daily Med @ NIH: <a href=\"https:\/\/dailymed.nlm.nih.gov\/dailymed\/\">https:\/\/dailymed.nlm.nih.gov\/dailymed\/<\/a><br \/>\nFornece a c\u00f3pia mais recente dos folhetos de embalagem aprovados pela FDA para medicamentos aprovados pela FDA.<\/li>\n<li>Directrizes, declara\u00e7\u00f5es, e pol\u00edticas:\n<ul>\n<li>Academia Americana de M\u00e9dicos de Fam\u00edlia &#8211; AAFP: <a href=\"https:\/\/www.aafp.org\/home.html\">https:\/\/www.aafp.org\/home.html<\/a><\/li>\n<li>Academia Americana de Pediatria &#8211; AAP: <a href=\"https:\/\/www.aap.org\/\">https:\/\/www.aap.org\/<\/a><\/li>\n<li>Col\u00e9gio Americano de Cardiologia &#8211; ACC: <a href=\"https:\/\/www.acc.org\">https:\/\/www.acc.org<\/a><\/li>\n<\/ul>\n<\/li>\n<\/ul>\n<p>[\/et_pb_text][\/et_pb_column][\/et_pb_row][et_pb_row _builder_version=&#8221;4.19.4&#8243; _module_preset=&#8221;default&#8221; theme_builder_area=&#8221;post_content&#8221; custom_padding=&#8221;0px||0px|||&#8221;][et_pb_column _builder_version=&#8221;4.19.4&#8243; _module_preset=&#8221;default&#8221; type=&#8221;4_4&#8243; theme_builder_area=&#8221;post_content&#8221;][et_pb_code _builder_version=&#8221;4.19.4&#8243; _module_preset=&#8221;default&#8221; theme_builder_area=&#8221;post_content&#8221; hover_enabled=&#8221;0&#8243; sticky_enabled=&#8221;0&#8243;]<\/p>\n<style><!-- [et_pb_line_break_holder] -->  h2{<!-- [et_pb_line_break_holder] -->    margin-top:10px;<!-- [et_pb_line_break_holder] -->  }<!-- [et_pb_line_break_holder] --><\/style>\n<p>[\/et_pb_code][\/et_pb_column][\/et_pb_row][\/et_pb_section]<\/p>\n","protected":false},"excerpt":{"rendered":"<p>Refer\u00eancias cl\u00ednicasEste documento lista a literatura recorrente utilizada para criar e actualizar conte\u00fado cl\u00ednico nas p\u00e1ginas do SafeDose. Esta lista \u00e9 continuamente actualizada num processo constante de revis\u00e3o para ser consistente com a informa\u00e7\u00e3o mais actual dispon\u00edvel e para reflectir a rotina na pr\u00e1tica cl\u00ednica. Para al\u00e9m desta lista, s\u00e3o utilizados recursos m\u00e9dicos baseados em [&hellip;]<\/p>\n","protected":false},"author":4,"featured_media":0,"parent":0,"menu_order":0,"comment_status":"closed","ping_status":"closed","template":"","meta":{"_et_pb_use_builder":"on","_et_pb_old_content":"","_et_gb_content_width":"","inline_featured_image":false},"acf":[],"yoast_head":"<!-- This site is optimized with the Yoast SEO plugin v20.13 - https:\/\/yoast.com\/wordpress\/plugins\/seo\/ -->\n<title>Refer\u00eancias cl\u00ednicas - SafeDose<\/title>\n<meta name=\"robots\" content=\"index, follow, max-snippet:-1, max-image-preview:large, max-video-preview:-1\" \/>\n<link rel=\"canonical\" href=\"https:\/\/www.safedoseinc.com\/pt-br\/referencias-clinicas\/\" \/>\n<meta property=\"og:locale\" content=\"pt_BR\" \/>\n<meta property=\"og:type\" content=\"article\" \/>\n<meta property=\"og:title\" content=\"Refer\u00eancias cl\u00ednicas - SafeDose\" \/>\n<meta property=\"og:description\" content=\"Refer\u00eancias cl\u00ednicasEste documento lista a literatura recorrente utilizada para criar e actualizar conte\u00fado cl\u00ednico nas p\u00e1ginas do SafeDose. Esta lista \u00e9 continuamente actualizada num processo constante de revis\u00e3o para ser consistente com a informa\u00e7\u00e3o mais actual dispon\u00edvel e para reflectir a rotina na pr\u00e1tica cl\u00ednica. Para al\u00e9m desta lista, s\u00e3o utilizados recursos m\u00e9dicos baseados em [&hellip;]\" \/>\n<meta property=\"og:site_name\" content=\"SafeDose\" \/>\n<meta property=\"article:modified_time\" content=\"2023-01-26T21:34:16+00:00\" \/>\n<meta name=\"twitter:card\" content=\"summary_large_image\" \/>\n<meta name=\"twitter:label1\" content=\"Est. tempo de leitura\" \/>\n\t<meta name=\"twitter:data1\" content=\"3 minutos\" \/>\n<script type=\"application\/ld+json\" class=\"yoast-schema-graph\">{\"@context\":\"https:\/\/schema.org\",\"@graph\":[{\"@type\":\"WebPage\",\"@id\":\"https:\/\/www.safedoseinc.com\/pt-br\/referencias-clinicas\/\",\"url\":\"https:\/\/www.safedoseinc.com\/pt-br\/referencias-clinicas\/\",\"name\":\"Refer\u00eancias cl\u00ednicas - SafeDose\",\"isPartOf\":{\"@id\":\"https:\/\/www.safedoseinc.com\/#website\"},\"datePublished\":\"2023-01-26T08:53:06+00:00\",\"dateModified\":\"2023-01-26T21:34:16+00:00\",\"breadcrumb\":{\"@id\":\"https:\/\/www.safedoseinc.com\/pt-br\/referencias-clinicas\/#breadcrumb\"},\"inLanguage\":\"pt-BR\",\"potentialAction\":[{\"@type\":\"ReadAction\",\"target\":[\"https:\/\/www.safedoseinc.com\/pt-br\/referencias-clinicas\/\"]}]},{\"@type\":\"BreadcrumbList\",\"@id\":\"https:\/\/www.safedoseinc.com\/pt-br\/referencias-clinicas\/#breadcrumb\",\"itemListElement\":[{\"@type\":\"ListItem\",\"position\":1,\"name\":\"Home\",\"item\":\"https:\/\/52.201.70.6\/pt-br\/\"},{\"@type\":\"ListItem\",\"position\":2,\"name\":\"Refer\u00eancias cl\u00ednicas\"}]},{\"@type\":\"WebSite\",\"@id\":\"https:\/\/www.safedoseinc.com\/#website\",\"url\":\"https:\/\/www.safedoseinc.com\/\",\"name\":\"SafeDose\",\"description\":\"Be Ready. Be Confident. Be Sure.\",\"publisher\":{\"@id\":\"https:\/\/www.safedoseinc.com\/#organization\"},\"potentialAction\":[{\"@type\":\"SearchAction\",\"target\":{\"@type\":\"EntryPoint\",\"urlTemplate\":\"https:\/\/www.safedoseinc.com\/?s={search_term_string}\"},\"query-input\":\"required name=search_term_string\"}],\"inLanguage\":\"pt-BR\"},{\"@type\":\"Organization\",\"@id\":\"https:\/\/www.safedoseinc.com\/#organization\",\"name\":\"SafeDose Inc\",\"url\":\"https:\/\/www.safedoseinc.com\/\",\"logo\":{\"@type\":\"ImageObject\",\"inLanguage\":\"pt-BR\",\"@id\":\"https:\/\/www.safedoseinc.com\/#\/schema\/logo\/image\/\",\"url\":\"https:\/\/www.safedoseinc.com\/wp-content\/uploads\/2023\/02\/cropped-safedoseinc-512x512-1.png\",\"contentUrl\":\"https:\/\/www.safedoseinc.com\/wp-content\/uploads\/2023\/02\/cropped-safedoseinc-512x512-1.png\",\"width\":512,\"height\":512,\"caption\":\"SafeDose Inc\"},\"image\":{\"@id\":\"https:\/\/www.safedoseinc.com\/#\/schema\/logo\/image\/\"}}]}<\/script>\n<!-- \/ Yoast SEO plugin. -->","yoast_head_json":{"title":"Refer\u00eancias cl\u00ednicas - SafeDose","robots":{"index":"index","follow":"follow","max-snippet":"max-snippet:-1","max-image-preview":"max-image-preview:large","max-video-preview":"max-video-preview:-1"},"canonical":"https:\/\/www.safedoseinc.com\/pt-br\/referencias-clinicas\/","og_locale":"pt_BR","og_type":"article","og_title":"Refer\u00eancias cl\u00ednicas - SafeDose","og_description":"Refer\u00eancias cl\u00ednicasEste documento lista a literatura recorrente utilizada para criar e actualizar conte\u00fado cl\u00ednico nas p\u00e1ginas do SafeDose. Esta lista \u00e9 continuamente actualizada num processo constante de revis\u00e3o para ser consistente com a informa\u00e7\u00e3o mais actual dispon\u00edvel e para reflectir a rotina na pr\u00e1tica cl\u00ednica. Para al\u00e9m desta lista, s\u00e3o utilizados recursos m\u00e9dicos baseados em [&hellip;]","og_site_name":"SafeDose","article_modified_time":"2023-01-26T21:34:16+00:00","twitter_card":"summary_large_image","twitter_misc":{"Est. tempo de leitura":"3 minutos"},"schema":{"@context":"https:\/\/schema.org","@graph":[{"@type":"WebPage","@id":"https:\/\/www.safedoseinc.com\/pt-br\/referencias-clinicas\/","url":"https:\/\/www.safedoseinc.com\/pt-br\/referencias-clinicas\/","name":"Refer\u00eancias cl\u00ednicas - SafeDose","isPartOf":{"@id":"https:\/\/www.safedoseinc.com\/#website"},"datePublished":"2023-01-26T08:53:06+00:00","dateModified":"2023-01-26T21:34:16+00:00","breadcrumb":{"@id":"https:\/\/www.safedoseinc.com\/pt-br\/referencias-clinicas\/#breadcrumb"},"inLanguage":"pt-BR","potentialAction":[{"@type":"ReadAction","target":["https:\/\/www.safedoseinc.com\/pt-br\/referencias-clinicas\/"]}]},{"@type":"BreadcrumbList","@id":"https:\/\/www.safedoseinc.com\/pt-br\/referencias-clinicas\/#breadcrumb","itemListElement":[{"@type":"ListItem","position":1,"name":"Home","item":"https:\/\/52.201.70.6\/pt-br\/"},{"@type":"ListItem","position":2,"name":"Refer\u00eancias cl\u00ednicas"}]},{"@type":"WebSite","@id":"https:\/\/www.safedoseinc.com\/#website","url":"https:\/\/www.safedoseinc.com\/","name":"SafeDose","description":"Be Ready. Be Confident. Be Sure.","publisher":{"@id":"https:\/\/www.safedoseinc.com\/#organization"},"potentialAction":[{"@type":"SearchAction","target":{"@type":"EntryPoint","urlTemplate":"https:\/\/www.safedoseinc.com\/?s={search_term_string}"},"query-input":"required name=search_term_string"}],"inLanguage":"pt-BR"},{"@type":"Organization","@id":"https:\/\/www.safedoseinc.com\/#organization","name":"SafeDose Inc","url":"https:\/\/www.safedoseinc.com\/","logo":{"@type":"ImageObject","inLanguage":"pt-BR","@id":"https:\/\/www.safedoseinc.com\/#\/schema\/logo\/image\/","url":"https:\/\/www.safedoseinc.com\/wp-content\/uploads\/2023\/02\/cropped-safedoseinc-512x512-1.png","contentUrl":"https:\/\/www.safedoseinc.com\/wp-content\/uploads\/2023\/02\/cropped-safedoseinc-512x512-1.png","width":512,"height":512,"caption":"SafeDose Inc"},"image":{"@id":"https:\/\/www.safedoseinc.com\/#\/schema\/logo\/image\/"}}]}},"_links":{"self":[{"href":"https:\/\/www.safedoseinc.com\/pt-br\/wp-json\/wp\/v2\/pages\/666"}],"collection":[{"href":"https:\/\/www.safedoseinc.com\/pt-br\/wp-json\/wp\/v2\/pages"}],"about":[{"href":"https:\/\/www.safedoseinc.com\/pt-br\/wp-json\/wp\/v2\/types\/page"}],"author":[{"embeddable":true,"href":"https:\/\/www.safedoseinc.com\/pt-br\/wp-json\/wp\/v2\/users\/4"}],"replies":[{"embeddable":true,"href":"https:\/\/www.safedoseinc.com\/pt-br\/wp-json\/wp\/v2\/comments?post=666"}],"version-history":[{"count":1,"href":"https:\/\/www.safedoseinc.com\/pt-br\/wp-json\/wp\/v2\/pages\/666\/revisions"}],"predecessor-version":[{"id":667,"href":"https:\/\/www.safedoseinc.com\/pt-br\/wp-json\/wp\/v2\/pages\/666\/revisions\/667"}],"wp:attachment":[{"href":"https:\/\/www.safedoseinc.com\/pt-br\/wp-json\/wp\/v2\/media?parent=666"}],"curies":[{"name":"wp","href":"https:\/\/api.w.org\/{rel}","templated":true}]}}