{"id":810,"date":"2023-01-27T17:24:11","date_gmt":"2023-01-27T17:24:11","guid":{"rendered":"https:\/\/www.safedoseinc.com\/copia-do-contrato-de-licenca-safedose\/"},"modified":"2023-02-08T16:36:58","modified_gmt":"2023-02-08T16:36:58","slug":"treinamento","status":"publish","type":"page","link":"https:\/\/www.safedoseinc.com\/pt-br\/treinamento\/","title":{"rendered":"Forma\u00e7\u00e3o"},"content":{"rendered":"<p>[et_pb_section fb_built=&#8221;1&#8243; _builder_version=&#8221;4.19.4&#8243; _module_preset=&#8221;default&#8221; global_colors_info=&#8221;{}&#8221;][\/et_pb_section][et_pb_section fb_built=&#8221;1&#8243; _builder_version=&#8221;4.19.4&#8243; _module_preset=&#8221;default&#8221; custom_margin=&#8221;5vh||||false|false&#8221; custom_margin_tablet=&#8221;5vh||||false|false&#8221; custom_margin_phone=&#8221;0vh||||false|false&#8221; custom_margin_last_edited=&#8221;on|phone&#8221; global_colors_info=&#8221;{}&#8221;][et_pb_row _builder_version=&#8221;4.19.4&#8243; _module_preset=&#8221;default&#8221; global_colors_info=&#8221;{}&#8221;][et_pb_column type=&#8221;4_4&#8243; _builder_version=&#8221;4.19.4&#8243; _module_preset=&#8221;default&#8221; global_colors_info=&#8221;{}&#8221;][et_pb_text _builder_version=&#8221;4.19.4&#8243; _module_preset=&#8221;default&#8221; header_text_align=&#8221;center&#8221; header_font_size=&#8221;32px&#8221; header_line_height=&#8221;1.7em&#8221; global_colors_info=&#8221;{}&#8221;]<\/p>\n<h1><strong><span style=\"border-bottom: 2px solid #ee6161;\">Bem-vindo \u00e0 forma\u00e7\u00e3o SafeDose!<\/span><\/strong><\/h1>\n<p>[\/et_pb_text][\/et_pb_column][\/et_pb_row][et_pb_row column_structure=&#8221;1_2,1_2&#8243; _builder_version=&#8221;4.19.4&#8243; _module_preset=&#8221;default&#8221; global_colors_info=&#8221;{}&#8221;][et_pb_column type=&#8221;1_2&#8243; _builder_version=&#8221;4.19.4&#8243; _module_preset=&#8221;default&#8221; global_colors_info=&#8221;{}&#8221;][et_pb_text _builder_version=&#8221;4.19.4&#8243; _module_preset=&#8221;default&#8221; text_font_size=&#8221;21px&#8221; text_line_height=&#8221;2em&#8221; link_text_color=&#8221;#EE6161&#8243; header_2_font=&#8221;|700|||||||&#8221; header_2_font_size=&#8221;18px&#8221; header_2_line_height=&#8221;1.2em&#8221; global_colors_info=&#8221;{}&#8221;]<\/p>\n<p>Esses v\u00eddeos fornecem breves tutoriais de v\u00e1rios destaques da SafeDose. Se voc\u00ea deseja um treinamento mais abrangente, agende uma reuni\u00e3o Zoom ao vivo e interativa conosco.<\/p>\n<p>[\/et_pb_text][et_pb_button button_url=&#8221;https:\/\/calendly.com\/lorena-abreu\/treinamento-safedose?month=2023-02&#8243; button_text=&#8221;AGENDE UMA REUNI\u00c3O&#8221; _builder_version=&#8221;4.19.4&#8243; _module_preset=&#8221;default&#8221; hover_enabled=&#8221;0&#8243; global_colors_info=&#8221;{}&#8221; sticky_enabled=&#8221;0&#8243;][\/et_pb_button][\/et_pb_column][et_pb_column type=&#8221;1_2&#8243; _builder_version=&#8221;4.19.4&#8243; _module_preset=&#8221;default&#8221; global_colors_info=&#8221;{}&#8221;][et_pb_code _builder_version=&#8221;4.19.4&#8243; _module_preset=&#8221;default&#8221; hover_enabled=&#8221;0&#8243; global_colors_info=&#8221;{}&#8221; sticky_enabled=&#8221;0&#8243;]<script src=\"https:\/\/fast.wistia.com\/embed\/medias\/cbjjepfrgg.jsonp\" async><\/script><script src=\"https:\/\/fast.wistia.com\/assets\/external\/E-v1.js\" async><\/script><\/p>\n<div class=\"wistia_responsive_padding\" style=\"padding:62.5% 0 0 0;position:relative;\">\n<div class=\"wistia_responsive_wrapper\" style=\"height:100%;left:0;position:absolute;top:0;width:100%;\">\n<div class=\"wistia_embed wistia_async_cbjjepfrgg videoFoam=true\" style=\"height:100%;position:relative;width:100%\">\n<div class=\"wistia_swatch\" style=\"height:100%;left:0;opacity:0;overflow:hidden;position:absolute;top:0;transition:opacity 200ms;width:100%;\"><img decoding=\"async\" src=\"https:\/\/fast.wistia.com\/embed\/medias\/cbjjepfrgg\/swatch\" style=\"filter:blur(5px);height:100%;object-fit:contain;width:100%;\" alt=\"\" aria-hidden=\"true\" onload=\"this.parentNode.style.opacity=1;\" \/><\/div>\n<\/div>\n<\/div>\n<\/div>\n<p>[\/et_pb_code][\/et_pb_column][\/et_pb_row][et_pb_row column_structure=&#8221;1_3,1_3,1_3&#8243; _builder_version=&#8221;4.19.4&#8243; _module_preset=&#8221;default&#8221; global_colors_info=&#8221;{}&#8221;][et_pb_column type=&#8221;1_3&#8243; _builder_version=&#8221;4.19.4&#8243; _module_preset=&#8221;default&#8221; global_colors_info=&#8221;{}&#8221;][et_pb_code _builder_version=&#8221;4.19.4&#8243; _module_preset=&#8221;default&#8221; hover_enabled=&#8221;0&#8243; global_colors_info=&#8221;{}&#8221; sticky_enabled=&#8221;0&#8243;]<script src=\"https:\/\/fast.wistia.com\/embed\/medias\/x9ogqesjnz.jsonp\" async><\/script><script src=\"https:\/\/fast.wistia.com\/assets\/external\/E-v1.js\" async><\/script><\/p>\n<div class=\"wistia_responsive_padding\" style=\"padding:62.5% 0 0 0;position:relative;\">\n<div class=\"wistia_responsive_wrapper\" style=\"height:100%;left:0;position:absolute;top:0;width:100%;\">\n<div class=\"wistia_embed wistia_async_x9ogqesjnz videoFoam=true\" style=\"height:100%;position:relative;width:100%\">\n<div class=\"wistia_swatch\" style=\"height:100%;left:0;opacity:0;overflow:hidden;position:absolute;top:0;transition:opacity 200ms;width:100%;\"><img decoding=\"async\" src=\"https:\/\/fast.wistia.com\/embed\/medias\/x9ogqesjnz\/swatch\" style=\"filter:blur(5px);height:100%;object-fit:contain;width:100%;\" alt=\"\" aria-hidden=\"true\" onload=\"this.parentNode.style.opacity=1;\" \/><\/div>\n<\/div>\n<\/div>\n<\/div>\n<p>[\/et_pb_code][et_pb_text _builder_version=&#8221;4.19.4&#8243; _module_preset=&#8221;default&#8221; text_font_size=&#8221;16px&#8221; link_text_color=&#8221;#EE6161&#8243; header_2_font=&#8221;|700|||||||&#8221; header_2_font_size=&#8221;18px&#8221; header_2_line_height=&#8221;1.2em&#8221; hover_enabled=&#8221;0&#8243; global_colors_info=&#8221;{}&#8221; sticky_enabled=&#8221;0&#8243;]<\/p>\n<p style=\"text-align: center;\"><em>Algoritmos para Reanima\u00e7\u00e3o<\/em><\/p>\n<p>[\/et_pb_text][\/et_pb_column][et_pb_column type=&#8221;1_3&#8243; _builder_version=&#8221;4.19.4&#8243; _module_preset=&#8221;default&#8221; global_colors_info=&#8221;{}&#8221;][et_pb_code _builder_version=&#8221;4.19.4&#8243; _module_preset=&#8221;default&#8221; hover_enabled=&#8221;0&#8243; global_colors_info=&#8221;{}&#8221; sticky_enabled=&#8221;0&#8243;]<script src=\"https:\/\/fast.wistia.com\/embed\/medias\/lwbdfop1h9.jsonp\" async><\/script><script src=\"https:\/\/fast.wistia.com\/assets\/external\/E-v1.js\" async><\/script><\/p>\n<div class=\"wistia_responsive_padding\" style=\"padding:62.5% 0 0 0;position:relative;\">\n<div class=\"wistia_responsive_wrapper\" style=\"height:100%;left:0;position:absolute;top:0;width:100%;\">\n<div class=\"wistia_embed wistia_async_lwbdfop1h9 videoFoam=true\" style=\"height:100%;position:relative;width:100%\">\n<div class=\"wistia_swatch\" style=\"height:100%;left:0;opacity:0;overflow:hidden;position:absolute;top:0;transition:opacity 200ms;width:100%;\"><img decoding=\"async\" src=\"https:\/\/fast.wistia.com\/embed\/medias\/lwbdfop1h9\/swatch\" style=\"filter:blur(5px);height:100%;object-fit:contain;width:100%;\" alt=\"\" aria-hidden=\"true\" onload=\"this.parentNode.style.opacity=1;\" \/><\/div>\n<\/div>\n<\/div>\n<\/div>\n<p>[\/et_pb_code][et_pb_text _builder_version=&#8221;4.19.4&#8243; _module_preset=&#8221;default&#8221; text_font_size=&#8221;16px&#8221; link_text_color=&#8221;#EE6161&#8243; header_2_font=&#8221;|700|||||||&#8221; header_2_font_size=&#8221;18px&#8221; header_2_line_height=&#8221;1.2em&#8221; hover_enabled=&#8221;0&#8243; global_colors_info=&#8221;{}&#8221; sticky_enabled=&#8221;0&#8243;]<\/p>\n<p style=\"text-align: center;\"><em>Instru\u00e7\u00f5es de Mistura<\/em><\/p>\n<p>[\/et_pb_text][\/et_pb_column][et_pb_column type=&#8221;1_3&#8243; _builder_version=&#8221;4.19.4&#8243; _module_preset=&#8221;default&#8221; global_colors_info=&#8221;{}&#8221;][et_pb_code _builder_version=&#8221;4.19.4&#8243; _module_preset=&#8221;default&#8221; hover_enabled=&#8221;0&#8243; global_colors_info=&#8221;{}&#8221; sticky_enabled=&#8221;0&#8243;]<script src=\"https:\/\/fast.wistia.com\/embed\/medias\/ek14td3jin.jsonp\" async><\/script><script src=\"https:\/\/fast.wistia.com\/assets\/external\/E-v1.js\" async><\/script><\/p>\n<div class=\"wistia_responsive_padding\" style=\"padding:62.5% 0 0 0;position:relative;\">\n<div class=\"wistia_responsive_wrapper\" style=\"height:100%;left:0;position:absolute;top:0;width:100%;\">\n<div class=\"wistia_embed wistia_async_ek14td3jin videoFoam=true\" style=\"height:100%;position:relative;width:100%\">\n<div class=\"wistia_swatch\" style=\"height:100%;left:0;opacity:0;overflow:hidden;position:absolute;top:0;transition:opacity 200ms;width:100%;\"><img decoding=\"async\" src=\"https:\/\/fast.wistia.com\/embed\/medias\/ek14td3jin\/swatch\" style=\"filter:blur(5px);height:100%;object-fit:contain;width:100%;\" alt=\"\" aria-hidden=\"true\" onload=\"this.parentNode.style.opacity=1;\" \/><\/div>\n<\/div>\n<\/div>\n<\/div>\n<p>[\/et_pb_code][et_pb_text _builder_version=&#8221;4.19.4&#8243; _module_preset=&#8221;default&#8221; text_font_size=&#8221;16px&#8221; link_text_color=&#8221;#EE6161&#8243; header_2_font=&#8221;|700|||||||&#8221; header_2_font_size=&#8221;18px&#8221; header_2_line_height=&#8221;1.2em&#8221; hover_enabled=&#8221;0&#8243; global_colors_info=&#8221;{}&#8221; sticky_enabled=&#8221;0&#8243;]<\/p>\n<p style=\"text-align: center;\"><em> Calculadora de Queimaduras<\/em><\/p>\n<p>[\/et_pb_text][\/et_pb_column][\/et_pb_row][et_pb_row column_structure=&#8221;1_3,1_3,1_3&#8243; _builder_version=&#8221;4.19.4&#8243; _module_preset=&#8221;default&#8221; global_colors_info=&#8221;{}&#8221;][et_pb_column type=&#8221;1_3&#8243; _builder_version=&#8221;4.19.4&#8243; _module_preset=&#8221;default&#8221; global_colors_info=&#8221;{}&#8221;][et_pb_code _builder_version=&#8221;4.19.4&#8243; _module_preset=&#8221;default&#8221; hover_enabled=&#8221;0&#8243; global_colors_info=&#8221;{}&#8221; sticky_enabled=&#8221;0&#8243;]<script src=\"https:\/\/fast.wistia.com\/embed\/medias\/m04aq5d3hh.jsonp\" async><\/script><script src=\"https:\/\/fast.wistia.com\/assets\/external\/E-v1.js\" async><\/script><\/p>\n<div class=\"wistia_responsive_padding\" style=\"padding:62.5% 0 0 0;position:relative;\">\n<div class=\"wistia_responsive_wrapper\" style=\"height:100%;left:0;position:absolute;top:0;width:100%;\">\n<div class=\"wistia_embed wistia_async_m04aq5d3hh videoFoam=true\" style=\"height:100%;position:relative;width:100%\">\n<div class=\"wistia_swatch\" style=\"height:100%;left:0;opacity:0;overflow:hidden;position:absolute;top:0;transition:opacity 200ms;width:100%;\"><img decoding=\"async\" src=\"https:\/\/fast.wistia.com\/embed\/medias\/m04aq5d3hh\/swatch\" style=\"filter:blur(5px);height:100%;object-fit:contain;width:100%;\" alt=\"\" aria-hidden=\"true\" onload=\"this.parentNode.style.opacity=1;\" \/><\/div>\n<\/div>\n<\/div>\n<\/div>\n<p>[\/et_pb_code][et_pb_text _builder_version=&#8221;4.19.4&#8243; _module_preset=&#8221;default&#8221; text_font_size=&#8221;16px&#8221; link_text_color=&#8221;#EE6161&#8243; header_2_font=&#8221;|700|||||||&#8221; header_2_font_size=&#8221;18px&#8221; header_2_line_height=&#8221;1.2em&#8221; hover_enabled=&#8221;0&#8243; global_colors_info=&#8221;{}&#8221; sticky_enabled=&#8221;0&#8243;]<\/p>\n<p style=\"text-align: center;\"><em>Folhas de Dose R\u00e1pida<\/em><\/p>\n<p>[\/et_pb_text][\/et_pb_column][et_pb_column type=&#8221;1_3&#8243; _builder_version=&#8221;4.19.4&#8243; _module_preset=&#8221;default&#8221; global_colors_info=&#8221;{}&#8221;][et_pb_code _builder_version=&#8221;4.19.4&#8243; _module_preset=&#8221;default&#8221; hover_enabled=&#8221;0&#8243; global_colors_info=&#8221;{}&#8221; sticky_enabled=&#8221;0&#8243;]<script src=\"https:\/\/fast.wistia.com\/embed\/medias\/d8rwjx6p91.jsonp\" async><\/script><script src=\"https:\/\/fast.wistia.com\/assets\/external\/E-v1.js\" async><\/script><\/p>\n<div class=\"wistia_responsive_padding\" style=\"padding:62.5% 0 0 0;position:relative;\">\n<div class=\"wistia_responsive_wrapper\" style=\"height:100%;left:0;position:absolute;top:0;width:100%;\">\n<div class=\"wistia_embed wistia_async_d8rwjx6p91 videoFoam=true\" style=\"height:100%;position:relative;width:100%\">\n<div class=\"wistia_swatch\" style=\"height:100%;left:0;opacity:0;overflow:hidden;position:absolute;top:0;transition:opacity 200ms;width:100%;\"><img decoding=\"async\" src=\"https:\/\/fast.wistia.com\/embed\/medias\/d8rwjx6p91\/swatch\" style=\"filter:blur(5px);height:100%;object-fit:contain;width:100%;\" alt=\"\" aria-hidden=\"true\" onload=\"this.parentNode.style.opacity=1;\" \/><\/div>\n<\/div>\n<\/div>\n<\/div>\n<p>[\/et_pb_code][et_pb_text _builder_version=&#8221;4.19.4&#8243; _module_preset=&#8221;default&#8221; text_font_size=&#8221;16px&#8221; link_text_color=&#8221;#EE6161&#8243; header_2_font=&#8221;|700|||||||&#8221; header_2_font_size=&#8221;18px&#8221; header_2_line_height=&#8221;1.2em&#8221; hover_enabled=&#8221;0&#8243; global_colors_info=&#8221;{}&#8221; sticky_enabled=&#8221;0&#8243;]<\/p>\n<p style=\"text-align: center;\"><em>Infus\u00f5es Cont\u00ednuas<\/em><\/p>\n<p>[\/et_pb_text][\/et_pb_column][et_pb_column type=&#8221;1_3&#8243; _builder_version=&#8221;4.19.4&#8243; _module_preset=&#8221;default&#8221; global_colors_info=&#8221;{}&#8221;][\/et_pb_column][\/et_pb_row][\/et_pb_section]<\/p>\n","protected":false},"excerpt":{"rendered":"<p>Bem-vindo \u00e0 forma\u00e7\u00e3o SafeDose!Esses v\u00eddeos fornecem breves tutoriais de v\u00e1rios destaques da SafeDose. Se voc\u00ea deseja um treinamento mais abrangente, agende uma reuni\u00e3o Zoom ao vivo e interativa conosco.Algoritmos para Reanima\u00e7\u00e3oInstru\u00e7\u00f5es de Mistura Calculadora de QueimadurasFolhas de Dose R\u00e1pidaInfus\u00f5es Cont\u00ednuas<\/p>\n","protected":false},"author":1,"featured_media":0,"parent":0,"menu_order":0,"comment_status":"closed","ping_status":"closed","template":"","meta":{"_et_pb_use_builder":"on","_et_pb_old_content":"","_et_gb_content_width":"","inline_featured_image":false},"acf":[],"yoast_head":"<!-- This site is optimized with the Yoast SEO plugin v20.13 - https:\/\/yoast.com\/wordpress\/plugins\/seo\/ -->\n<title>Forma\u00e7\u00e3o - SafeDose<\/title>\n<meta name=\"robots\" content=\"index, follow, max-snippet:-1, max-image-preview:large, max-video-preview:-1\" \/>\n<link rel=\"canonical\" href=\"https:\/\/www.safedoseinc.com\/pt-br\/treinamento\/\" \/>\n<meta property=\"og:locale\" content=\"pt_BR\" \/>\n<meta property=\"og:type\" content=\"article\" \/>\n<meta property=\"og:title\" content=\"Forma\u00e7\u00e3o - SafeDose\" \/>\n<meta property=\"og:description\" content=\"Bem-vindo \u00e0 forma\u00e7\u00e3o SafeDose!Esses v\u00eddeos fornecem breves tutoriais de v\u00e1rios destaques da SafeDose. Se voc\u00ea deseja um treinamento mais abrangente, agende uma reuni\u00e3o Zoom ao vivo e interativa conosco.Algoritmos para Reanima\u00e7\u00e3oInstru\u00e7\u00f5es de Mistura Calculadora de QueimadurasFolhas de Dose R\u00e1pidaInfus\u00f5es Cont\u00ednuas\" \/>\n<meta property=\"og:site_name\" content=\"SafeDose\" \/>\n<meta property=\"article:modified_time\" content=\"2023-02-08T16:36:58+00:00\" \/>\n<meta property=\"og:image\" content=\"https:\/\/fast.wistia.com\/embed\/medias\/cbjjepfrgg\/swatch\" \/>\n<meta name=\"twitter:card\" content=\"summary_large_image\" \/>\n<meta name=\"twitter:label1\" content=\"Est. tempo de leitura\" \/>\n\t<meta name=\"twitter:data1\" content=\"3 minutos\" \/>\n<script type=\"application\/ld+json\" class=\"yoast-schema-graph\">{\"@context\":\"https:\/\/schema.org\",\"@graph\":[{\"@type\":\"WebPage\",\"@id\":\"https:\/\/www.safedoseinc.com\/pt-br\/treinamento\/\",\"url\":\"https:\/\/www.safedoseinc.com\/pt-br\/treinamento\/\",\"name\":\"Forma\u00e7\u00e3o - SafeDose\",\"isPartOf\":{\"@id\":\"https:\/\/www.safedoseinc.com\/#website\"},\"datePublished\":\"2023-01-27T17:24:11+00:00\",\"dateModified\":\"2023-02-08T16:36:58+00:00\",\"breadcrumb\":{\"@id\":\"https:\/\/www.safedoseinc.com\/pt-br\/treinamento\/#breadcrumb\"},\"inLanguage\":\"pt-BR\",\"potentialAction\":[{\"@type\":\"ReadAction\",\"target\":[\"https:\/\/www.safedoseinc.com\/pt-br\/treinamento\/\"]}]},{\"@type\":\"BreadcrumbList\",\"@id\":\"https:\/\/www.safedoseinc.com\/pt-br\/treinamento\/#breadcrumb\",\"itemListElement\":[{\"@type\":\"ListItem\",\"position\":1,\"name\":\"Home\",\"item\":\"https:\/\/www.safedoseinc.com\/pt-br\/\"},{\"@type\":\"ListItem\",\"position\":2,\"name\":\"Forma\u00e7\u00e3o\"}]},{\"@type\":\"WebSite\",\"@id\":\"https:\/\/www.safedoseinc.com\/#website\",\"url\":\"https:\/\/www.safedoseinc.com\/\",\"name\":\"SafeDose\",\"description\":\"Be Ready. Be Confident. Be Sure.\",\"publisher\":{\"@id\":\"https:\/\/www.safedoseinc.com\/#organization\"},\"potentialAction\":[{\"@type\":\"SearchAction\",\"target\":{\"@type\":\"EntryPoint\",\"urlTemplate\":\"https:\/\/www.safedoseinc.com\/?s={search_term_string}\"},\"query-input\":\"required name=search_term_string\"}],\"inLanguage\":\"pt-BR\"},{\"@type\":\"Organization\",\"@id\":\"https:\/\/www.safedoseinc.com\/#organization\",\"name\":\"SafeDose Inc\",\"url\":\"https:\/\/www.safedoseinc.com\/\",\"logo\":{\"@type\":\"ImageObject\",\"inLanguage\":\"pt-BR\",\"@id\":\"https:\/\/www.safedoseinc.com\/#\/schema\/logo\/image\/\",\"url\":\"https:\/\/www.safedoseinc.com\/wp-content\/uploads\/2023\/02\/cropped-safedoseinc-512x512-1.png\",\"contentUrl\":\"https:\/\/www.safedoseinc.com\/wp-content\/uploads\/2023\/02\/cropped-safedoseinc-512x512-1.png\",\"width\":512,\"height\":512,\"caption\":\"SafeDose Inc\"},\"image\":{\"@id\":\"https:\/\/www.safedoseinc.com\/#\/schema\/logo\/image\/\"}}]}<\/script>\n<!-- \/ Yoast SEO plugin. -->","yoast_head_json":{"title":"Forma\u00e7\u00e3o - SafeDose","robots":{"index":"index","follow":"follow","max-snippet":"max-snippet:-1","max-image-preview":"max-image-preview:large","max-video-preview":"max-video-preview:-1"},"canonical":"https:\/\/www.safedoseinc.com\/pt-br\/treinamento\/","og_locale":"pt_BR","og_type":"article","og_title":"Forma\u00e7\u00e3o - SafeDose","og_description":"Bem-vindo \u00e0 forma\u00e7\u00e3o SafeDose!Esses v\u00eddeos fornecem breves tutoriais de v\u00e1rios destaques da SafeDose. Se voc\u00ea deseja um treinamento mais abrangente, agende uma reuni\u00e3o Zoom ao vivo e interativa conosco.Algoritmos para Reanima\u00e7\u00e3oInstru\u00e7\u00f5es de Mistura Calculadora de QueimadurasFolhas de Dose R\u00e1pidaInfus\u00f5es Cont\u00ednuas","og_site_name":"SafeDose","article_modified_time":"2023-02-08T16:36:58+00:00","og_image":[{"url":"https:\/\/fast.wistia.com\/embed\/medias\/cbjjepfrgg\/swatch"}],"twitter_card":"summary_large_image","twitter_misc":{"Est. tempo de leitura":"3 minutos"},"schema":{"@context":"https:\/\/schema.org","@graph":[{"@type":"WebPage","@id":"https:\/\/www.safedoseinc.com\/pt-br\/treinamento\/","url":"https:\/\/www.safedoseinc.com\/pt-br\/treinamento\/","name":"Forma\u00e7\u00e3o - SafeDose","isPartOf":{"@id":"https:\/\/www.safedoseinc.com\/#website"},"datePublished":"2023-01-27T17:24:11+00:00","dateModified":"2023-02-08T16:36:58+00:00","breadcrumb":{"@id":"https:\/\/www.safedoseinc.com\/pt-br\/treinamento\/#breadcrumb"},"inLanguage":"pt-BR","potentialAction":[{"@type":"ReadAction","target":["https:\/\/www.safedoseinc.com\/pt-br\/treinamento\/"]}]},{"@type":"BreadcrumbList","@id":"https:\/\/www.safedoseinc.com\/pt-br\/treinamento\/#breadcrumb","itemListElement":[{"@type":"ListItem","position":1,"name":"Home","item":"https:\/\/www.safedoseinc.com\/pt-br\/"},{"@type":"ListItem","position":2,"name":"Forma\u00e7\u00e3o"}]},{"@type":"WebSite","@id":"https:\/\/www.safedoseinc.com\/#website","url":"https:\/\/www.safedoseinc.com\/","name":"SafeDose","description":"Be Ready. Be Confident. Be Sure.","publisher":{"@id":"https:\/\/www.safedoseinc.com\/#organization"},"potentialAction":[{"@type":"SearchAction","target":{"@type":"EntryPoint","urlTemplate":"https:\/\/www.safedoseinc.com\/?s={search_term_string}"},"query-input":"required name=search_term_string"}],"inLanguage":"pt-BR"},{"@type":"Organization","@id":"https:\/\/www.safedoseinc.com\/#organization","name":"SafeDose Inc","url":"https:\/\/www.safedoseinc.com\/","logo":{"@type":"ImageObject","inLanguage":"pt-BR","@id":"https:\/\/www.safedoseinc.com\/#\/schema\/logo\/image\/","url":"https:\/\/www.safedoseinc.com\/wp-content\/uploads\/2023\/02\/cropped-safedoseinc-512x512-1.png","contentUrl":"https:\/\/www.safedoseinc.com\/wp-content\/uploads\/2023\/02\/cropped-safedoseinc-512x512-1.png","width":512,"height":512,"caption":"SafeDose Inc"},"image":{"@id":"https:\/\/www.safedoseinc.com\/#\/schema\/logo\/image\/"}}]}},"_links":{"self":[{"href":"https:\/\/www.safedoseinc.com\/pt-br\/wp-json\/wp\/v2\/pages\/810"}],"collection":[{"href":"https:\/\/www.safedoseinc.com\/pt-br\/wp-json\/wp\/v2\/pages"}],"about":[{"href":"https:\/\/www.safedoseinc.com\/pt-br\/wp-json\/wp\/v2\/types\/page"}],"author":[{"embeddable":true,"href":"https:\/\/www.safedoseinc.com\/pt-br\/wp-json\/wp\/v2\/users\/1"}],"replies":[{"embeddable":true,"href":"https:\/\/www.safedoseinc.com\/pt-br\/wp-json\/wp\/v2\/comments?post=810"}],"version-history":[{"count":9,"href":"https:\/\/www.safedoseinc.com\/pt-br\/wp-json\/wp\/v2\/pages\/810\/revisions"}],"predecessor-version":[{"id":1408,"href":"https:\/\/www.safedoseinc.com\/pt-br\/wp-json\/wp\/v2\/pages\/810\/revisions\/1408"}],"wp:attachment":[{"href":"https:\/\/www.safedoseinc.com\/pt-br\/wp-json\/wp\/v2\/media?parent=810"}],"curies":[{"name":"wp","href":"https:\/\/api.w.org\/{rel}","templated":true}]}}