{"id":823,"date":"2023-01-27T17:36:07","date_gmt":"2023-01-27T22:36:07","guid":{"rendered":"https:\/\/www.safedoseinc.com\/copia-do-contrato-de-licenca-safedose-2\/"},"modified":"2023-01-27T17:40:47","modified_gmt":"2023-01-27T17:40:47","slug":"copia-do-contrato-de-licenca-safedose-2","status":"publish","type":"page","link":"https:\/\/www.safedoseinc.com\/pt-br\/copia-do-contrato-de-licenca-safedose-2\/","title":{"rendered":"Pol\u00edtica de Seguran\u00e7a da Informa\u00e7\u00e3o da SDI"},"content":{"rendered":"<p>[et_pb_section fb_built=&#8221;1&#8243; _builder_version=&#8221;4.19.4&#8243; _module_preset=&#8221;default&#8221; global_colors_info=&#8221;{}&#8221;][\/et_pb_section][et_pb_section fb_built=&#8221;1&#8243; _builder_version=&#8221;4.19.4&#8243; _module_preset=&#8221;default&#8221; custom_margin=&#8221;5vh||||false|false&#8221; custom_margin_tablet=&#8221;5vh||||false|false&#8221; custom_margin_phone=&#8221;0vh||||false|false&#8221; custom_margin_last_edited=&#8221;on|phone&#8221; global_colors_info=&#8221;{}&#8221;][et_pb_row _builder_version=&#8221;4.19.4&#8243; _module_preset=&#8221;default&#8221; global_colors_info=&#8221;{}&#8221;][et_pb_column type=&#8221;4_4&#8243; _builder_version=&#8221;4.19.4&#8243; _module_preset=&#8221;default&#8221; global_colors_info=&#8221;{}&#8221;][et_pb_text _builder_version=&#8221;4.19.4&#8243; _module_preset=&#8221;default&#8221; header_text_align=&#8221;center&#8221; header_font_size=&#8221;32px&#8221; global_colors_info=&#8221;{}&#8221;]<\/p>\n<h1 style=\"text-align: center;\"><span style=\"border-bottom: 2px solid #ee6161;\">Pol\u00edtica de Seguran\u00e7a da Informa\u00e7\u00e3o da SDI<\/span><\/h1>\n<p style=\"text-align: center;\">Vers\u00e3o 1.3<br \/>Aprovado pela Direc\u00e7\u00e3o da SDI em 10 de Abril de 2022<\/p>\n<p>[\/et_pb_text][\/et_pb_column][\/et_pb_row][et_pb_row _builder_version=&#8221;4.19.4&#8243; _module_preset=&#8221;default&#8221; global_colors_info=&#8221;{}&#8221;][et_pb_column type=&#8221;4_4&#8243; _builder_version=&#8221;4.19.4&#8243; _module_preset=&#8221;default&#8221; global_colors_info=&#8221;{}&#8221;][et_pb_text _builder_version=&#8221;4.19.4&#8243; _module_preset=&#8221;default&#8221; text_font_size=&#8221;16px&#8221; link_text_color=&#8221;#EE6161&#8243; header_2_font=&#8221;|700|||||||&#8221; header_2_font_size=&#8221;18px&#8221; header_2_line_height=&#8221;1.2em&#8221; hover_enabled=&#8221;0&#8243; global_colors_info=&#8221;{}&#8221; sticky_enabled=&#8221;0&#8243;]<\/p>\n<p><strong>Introdu\u00e7\u00e3o<br \/><\/strong>SafeDose, Inc. (&#8220;SDI&#8221;) documenta a nossa Pol\u00edtica de Seguran\u00e7a da Informa\u00e7\u00e3o da SDI, que rege a SafeDose (solu\u00e7\u00e3o de software da SDI), os sistemas administrativos da SDI e processos relacionados.<\/p>\n<p>SafeDose \u00e9 uma ferramenta aut\u00f3noma, baseada na web, de refer\u00eancia em linha para informa\u00e7\u00e3o de dosagem de medicamentos pedi\u00e1tricos e outras informa\u00e7\u00f5es de dosagem de medicamentos pedi\u00e1tricos. SafeDose n\u00e3o se integra com sistemas EHR ou quaisquer outras aplica\u00e7\u00f5es ou bases de dados na rede dos nossos clientes. SafeDose n\u00e3o recolhe nem armazena informa\u00e7\u00f5es de PHI, e portanto n\u00e3o est\u00e1 sujeita aos regulamentos HIPAA ou GDPR. SafeDose mant\u00e9m uma base de dados de utiliza\u00e7\u00e3o de medicamentos apropriada, organizada por peso e indica\u00e7\u00e3o, e fornece essa informa\u00e7\u00e3o aos utilizadores atrav\u00e9s de uma interface de utilizador padr\u00e3o. medida que o sistema \u00e9 utilizado, SafeDose recolhe informa\u00e7\u00f5es gerais sobre a utiliza\u00e7\u00e3o, tais como os medicamentos pesquisados ou a utiliza\u00e7\u00e3o de caracter\u00edsticas espec\u00edficas, com as quais poderia ser utilizada pela SDI para melhorar o produto no futuro. SafeDose est\u00e1 alojado na Amazon Web Services (AWS) e aproveita os princ\u00edpios do <a href=\"https:\/\/docs.aws.amazon.com\/wellarchitected\/latest\/framework\/welcome.html\">AWS Well-architected Framework<\/a>, que define pr\u00e1ticas comuns da ind\u00fastria para aplica\u00e7\u00e3o e alojamento de dados na AWS. A SDI aproveita a Google G-Suite para comunica\u00e7\u00f5es internas, alavancando as pr\u00e1ticas estabelecidas pela Google. A SDI alavanca algumas solu\u00e7\u00f5es de terceiros (Jira, GitHub, etc.) no desenvolvimento da solu\u00e7\u00e3o de software SafeDose, alavancando as pr\u00e1ticas estabelecidas para cada um desses fornecedores.<\/p>\n<p><strong>A Pol\u00edtica<br \/> A SDI<\/strong>leva a s\u00e9rio a import\u00e2ncia de manter a integridade dos nossos sistemas e solu\u00e7\u00f5es de software, em benef\u00edcio da ind\u00fastria da sa\u00fade. Por conseguinte, a SDI Management estabelece a seguinte Pol\u00edtica de Seguran\u00e7a da Informa\u00e7\u00e3o da SDI:<\/p>\n<ol>\n<li>Todos os dispositivos utilizados pela SDI devem manter actualizados os patches do sistema operativo e utilizar o software antimalware actual.<\/li>\n<li>Os membros da SDI devem usar de cuidado razo\u00e1vel para proteger todos os dispositivos propriedade da SDI e na sua posse para proteger software ou dados relacionados com o neg\u00f3cio da SDI.<\/li>\n<li>A SDI n\u00e3o faz, por Carta, a manuten\u00e7\u00e3o ou armazenamento de PHI em forma electr\u00f3nica ou f\u00edsica, incluindo meios remov\u00edveis. N\u00e3o obstante, se qualquer membro da SDI entrar na posse de DCC, tal membro n\u00e3o divulgar\u00e1 ou partilhar\u00e1 tal informa\u00e7\u00e3o, e tomar\u00e1 medidas razo\u00e1veis para remover tal informa\u00e7\u00e3o dos sistemas da SDI.<\/li>\n<li>Os \u00fanicos dados PII que a SDI mant\u00e9m s\u00e3o informa\u00e7\u00f5es b\u00e1sicas de contacto profissional, para comunicar com os nossos clientes. A SDI n\u00e3o mant\u00e9m nem armazena, por Carta, PII do paciente em forma electr\u00f3nica ou f\u00edsica, incluindo meios remov\u00edveis. N\u00e3o obstante, se qualquer membro da SDI entrar na posse de informa\u00e7\u00f5es que identificam pessoalmente o paciente, esse membro n\u00e3o deve divulgar ou partilhar essas informa\u00e7\u00f5es e deve tomar medidas razo\u00e1veis para remover essas informa\u00e7\u00f5es dos sistemas da SDI<\/li>\n<li>Os recursos electr\u00f3nicos (computadores, servidores, computadores port\u00e1teis, tablets, telem\u00f3veis, bases de dados e outros servidores de aplica\u00e7\u00f5es que s\u00e3o propriedade da SDI) s\u00e3o propriedade da SDI e est\u00e3o sujeitos \u00e0s pol\u00edticas da SDI.<\/li>\n<li>A SDI realiza periodicamente avalia\u00e7\u00f5es de risco de seguran\u00e7a para identificar \u00e1reas que possam requerer protec\u00e7\u00e3o adicional ou remedia\u00e7\u00e3o. Os m\u00e9todos, t\u00e9cnicas, calend\u00e1rio e resultados destas avalia\u00e7\u00f5es n\u00e3o s\u00e3o publicados ou partilhados fora da SDI, por pol\u00edtica.<\/li>\n<li>Todos os dispositivos m\u00f3veis utilizados pelos membros da SDI para SDI Business devem ser protegidos por palavra-passe.<\/li>\n<li>A SDI efectuar\u00e1 c\u00f3pias de seguran\u00e7a de dados e software de acordo com um calend\u00e1rio estabelecido e manter\u00e1 c\u00f3pias de seguran\u00e7a de uma forma consistente com as pr\u00e1ticas comuns da ind\u00fastria. Em caso de cat\u00e1strofe, a SDI envidar\u00e1 os melhores esfor\u00e7os para recuperar sistemas e dados, e notificar\u00e1 os clientes do impacto externo, caso exista, quando razoavelmente pratic\u00e1vel.<\/li>\n<li>A SDI administrar\u00e1 aplica\u00e7\u00f5es de produ\u00e7\u00e3o de SDI e bases de dados utilizando ferramentas e t\u00e9cnicas que sejam consistentes com as pr\u00e1ticas e ferramentas comuns da ind\u00fastria, incluindo o registo da utiliza\u00e7\u00e3o e monitoriza\u00e7\u00e3o.<\/li>\n<li>Todos os membros da SDI devem reportar incidentes de seguran\u00e7a que observem t\u00e3o rapidamente quanto poss\u00edvel a um membro da Direc\u00e7\u00e3o da SDI.<\/li>\n<li>A SDI autenticar\u00e1 os administradores do sistema utilizando a protec\u00e7\u00e3o por palavra-passe nos sistemas de desenvolvimento de software e aplica\u00e7\u00f5es de produ\u00e7\u00e3o e bases de dados da SDI.<\/li>\n<li>A SDI autorizar\u00e1 o acesso por parte dos administradores de sistemas e programadores de software, de acordo com o seu papel e responsabilidade de trabalho.<\/li>\n<li>A SDI revogar\u00e1 prontamente os direitos de acesso dos administradores de sistemas e dos programadores de software se deixarem a empresa ou j\u00e1 n\u00e3o estiverem envolvidos no neg\u00f3cio da SDI.<\/li>\n<li>A SDI deve investigar prontamente quaisquer incidentes de seguran\u00e7a comunicados ou identificados, trabalhar para identificar a(s) causa(s) raiz(s) na medida do poss\u00edvel e ajustar a postura de seguran\u00e7a da SDI conforme necess\u00e1rio.<\/li>\n<li>A SDI deve formar periodicamente todos os funcion\u00e1rios da SDI relativamente \u00e0 Pol\u00edtica de Seguran\u00e7a da Informa\u00e7\u00e3o da SDI.<\/li>\n<li>A SDI reserva-se o direito de alterar ou alargar a Pol\u00edtica de Seguran\u00e7a da Informa\u00e7\u00e3o da SDI em qualquer altura, com ou sem aviso pr\u00e9vio.<\/li>\n<li>Os clientes da SDI t\u00eam a obriga\u00e7\u00e3o de manter um ambiente seguro, incluindo uma gest\u00e3o adequada de senhas e controlos f\u00edsicos dos dispositivos de acesso.<\/li>\n<li>A SDI pode, de tempos a tempos, celebrar acordos com terceiros para ajudar no desenvolvimento de software ou bases de dados, atrav\u00e9s de acordos contratuais, acordos de subcontrata\u00e7\u00e3o e\/ou acordos de associa\u00e7\u00e3o empresarial. A SDI envidar\u00e1 os melhores esfor\u00e7os para assegurar que esses terceiros estejam cientes da Pol\u00edtica de Seguran\u00e7a da Informa\u00e7\u00e3o da SDI e adiram a ela.<\/li>\n<li>Quaisquer excep\u00e7\u00f5es \u00e0 Pol\u00edtica de Seguran\u00e7a da Informa\u00e7\u00e3o da SDI devem ser aprovadas pela Direc\u00e7\u00e3o da SDI.<\/li>\n<li>Para al\u00e9m do acima referido, os clientes da SDI s\u00e3o respons\u00e1veis por envidar os melhores esfor\u00e7os para\n<ul>\n<li>salvaguardar as suas credenciais de acesso \u00e0 SafeDose;<\/li>\n<li>assegurar que os dados de PHI ou de PII do paciente n\u00e3o sejam partilhados com a SDI;<\/li>\n<li>assegurar que os dispositivos que acedem ao SafeDose s\u00e3o seguros;<\/li>\n<li>n\u00e3o pedir \u00e0 SDI para iniciar sess\u00e3o ou aceder de outra forma aos sistemas do cliente; e<\/li>\n<li>comunicar quaisquer riscos ou preocupa\u00e7\u00f5es de seguran\u00e7a da informa\u00e7\u00e3o que possam estar relacionados com a SDI, logo que sejam identificados.<\/li>\n<\/ul>\n<\/li>\n<\/ol>\n<p>As perguntas relativas \u00e0 Pol\u00edtica de Seguran\u00e7a da Informa\u00e7\u00e3o da SDI devem ser dirigidas a <a href=\"mailto:INFO@SAFEDOSEINC.COM\">INFO@SAFEDOSEINC.COM<\/a><\/p>\n<p><strong>Defini\u00e7\u00f5es<br \/><\/strong>&#8220;Informa\u00e7\u00e3o Sanit\u00e1ria Protegida&#8221; ou &#8220;DCC&#8221; \u00e9 qualquer informa\u00e7\u00e3o sanit\u00e1ria, sob qualquer forma ou meio, seja electr\u00f3nico, em papel ou oral, relativa a um paciente criada como consequ\u00eancia da presta\u00e7\u00e3o de cuidados de sa\u00fade, contendo elementos suficientes para identificar o indiv\u00edduo, tais como o nome, morada, endere\u00e7o electr\u00f3nico, n\u00famero de telefone, ou n\u00famero de seguran\u00e7a social do paciente.<\/p>\n<p>&#8220;Informa\u00e7\u00e3o Pessoal Identific\u00e1vel&#8221; ou &#8220;PII&#8221; refere-se a informa\u00e7\u00e3o que pode ser utilizada para identificar, localizar, ou contactar um indiv\u00edduo, tal como nome, endere\u00e7o postal, endere\u00e7o electr\u00f3nico, n\u00famero de telefone, n\u00famero de seguran\u00e7a social, n\u00famero de passaporte, n\u00famero de carta de condu\u00e7\u00e3o, n\u00famero de conta banc\u00e1ria, n\u00famero de cart\u00e3o de cr\u00e9dito, ou imagem pessoal.<\/p>\n<p>&#8220;SDI Management&#8221; significa um ou mais do CEO, CFO, COO, CTO, na medida em que tais posi\u00e7\u00f5es sejam ocupadas.<\/p>\n<p>&#8220;Membro da SDI&#8221; significa qualquer empregado, empreiteiro ou associado autorizado, envolvido na condu\u00e7\u00e3o de neg\u00f3cios da SDI.<\/p>\n<p>[\/et_pb_text][\/et_pb_column][\/et_pb_row][\/et_pb_section]<\/p>\n","protected":false},"excerpt":{"rendered":"<p>Pol\u00edtica de Seguran\u00e7a da Informa\u00e7\u00e3o da SDI Vers\u00e3o 1.3Aprovado pela Direc\u00e7\u00e3o da SDI em 10 de Abril de 2022Introdu\u00e7\u00e3oSafeDose, Inc. (&#8220;SDI&#8221;) documenta a nossa Pol\u00edtica de Seguran\u00e7a da Informa\u00e7\u00e3o da SDI, que rege a SafeDose (solu\u00e7\u00e3o de software da SDI), os sistemas administrativos da SDI e processos relacionados. SafeDose \u00e9 uma ferramenta aut\u00f3noma, baseada na [&hellip;]<\/p>\n","protected":false},"author":1,"featured_media":0,"parent":0,"menu_order":0,"comment_status":"closed","ping_status":"closed","template":"","meta":{"_et_pb_use_builder":"on","_et_pb_old_content":"","_et_gb_content_width":"","inline_featured_image":false},"acf":[],"yoast_head":"<!-- This site is optimized with the Yoast SEO plugin v20.13 - https:\/\/yoast.com\/wordpress\/plugins\/seo\/ -->\n<title>Pol\u00edtica de Seguran\u00e7a da Informa\u00e7\u00e3o da SDI - SafeDose<\/title>\n<meta name=\"robots\" content=\"index, follow, max-snippet:-1, max-image-preview:large, max-video-preview:-1\" \/>\n<link rel=\"canonical\" href=\"https:\/\/www.safedoseinc.com\/pt-br\/copia-do-contrato-de-licenca-safedose-2\/\" \/>\n<meta property=\"og:locale\" content=\"pt_BR\" \/>\n<meta property=\"og:type\" content=\"article\" \/>\n<meta property=\"og:title\" content=\"Pol\u00edtica de Seguran\u00e7a da Informa\u00e7\u00e3o da SDI - SafeDose\" \/>\n<meta property=\"og:description\" content=\"Pol\u00edtica de Seguran\u00e7a da Informa\u00e7\u00e3o da SDI Vers\u00e3o 1.3Aprovado pela Direc\u00e7\u00e3o da SDI em 10 de Abril de 2022Introdu\u00e7\u00e3oSafeDose, Inc. (&quot;SDI&quot;) documenta a nossa Pol\u00edtica de Seguran\u00e7a da Informa\u00e7\u00e3o da SDI, que rege a SafeDose (solu\u00e7\u00e3o de software da SDI), os sistemas administrativos da SDI e processos relacionados. SafeDose \u00e9 uma ferramenta aut\u00f3noma, baseada na [&hellip;]\" \/>\n<meta property=\"og:site_name\" content=\"SafeDose\" \/>\n<meta property=\"article:modified_time\" content=\"2023-01-27T17:40:47+00:00\" \/>\n<meta name=\"twitter:card\" content=\"summary_large_image\" \/>\n<meta name=\"twitter:label1\" content=\"Est. tempo de leitura\" \/>\n\t<meta name=\"twitter:data1\" content=\"8 minutos\" \/>\n<script type=\"application\/ld+json\" class=\"yoast-schema-graph\">{\"@context\":\"https:\/\/schema.org\",\"@graph\":[{\"@type\":\"WebPage\",\"@id\":\"https:\/\/www.safedoseinc.com\/pt-br\/copia-do-contrato-de-licenca-safedose-2\/\",\"url\":\"https:\/\/www.safedoseinc.com\/pt-br\/copia-do-contrato-de-licenca-safedose-2\/\",\"name\":\"Pol\u00edtica de Seguran\u00e7a da Informa\u00e7\u00e3o da SDI - SafeDose\",\"isPartOf\":{\"@id\":\"https:\/\/www.safedoseinc.com\/#website\"},\"datePublished\":\"2023-01-27T22:36:07+00:00\",\"dateModified\":\"2023-01-27T17:40:47+00:00\",\"breadcrumb\":{\"@id\":\"https:\/\/www.safedoseinc.com\/pt-br\/copia-do-contrato-de-licenca-safedose-2\/#breadcrumb\"},\"inLanguage\":\"pt-BR\",\"potentialAction\":[{\"@type\":\"ReadAction\",\"target\":[\"https:\/\/www.safedoseinc.com\/pt-br\/copia-do-contrato-de-licenca-safedose-2\/\"]}]},{\"@type\":\"BreadcrumbList\",\"@id\":\"https:\/\/www.safedoseinc.com\/pt-br\/copia-do-contrato-de-licenca-safedose-2\/#breadcrumb\",\"itemListElement\":[{\"@type\":\"ListItem\",\"position\":1,\"name\":\"Home\",\"item\":\"https:\/\/www.safedoseinc.com\/pt-br\/\"},{\"@type\":\"ListItem\",\"position\":2,\"name\":\"Pol\u00edtica de Seguran\u00e7a da Informa\u00e7\u00e3o da SDI\"}]},{\"@type\":\"WebSite\",\"@id\":\"https:\/\/www.safedoseinc.com\/#website\",\"url\":\"https:\/\/www.safedoseinc.com\/\",\"name\":\"SafeDose\",\"description\":\"Be Ready. Be Confident. Be Sure.\",\"publisher\":{\"@id\":\"https:\/\/www.safedoseinc.com\/#organization\"},\"potentialAction\":[{\"@type\":\"SearchAction\",\"target\":{\"@type\":\"EntryPoint\",\"urlTemplate\":\"https:\/\/www.safedoseinc.com\/?s={search_term_string}\"},\"query-input\":\"required name=search_term_string\"}],\"inLanguage\":\"pt-BR\"},{\"@type\":\"Organization\",\"@id\":\"https:\/\/www.safedoseinc.com\/#organization\",\"name\":\"SafeDose Inc\",\"url\":\"https:\/\/www.safedoseinc.com\/\",\"logo\":{\"@type\":\"ImageObject\",\"inLanguage\":\"pt-BR\",\"@id\":\"https:\/\/www.safedoseinc.com\/#\/schema\/logo\/image\/\",\"url\":\"https:\/\/www.safedoseinc.com\/wp-content\/uploads\/2023\/02\/cropped-safedoseinc-512x512-1.png\",\"contentUrl\":\"https:\/\/www.safedoseinc.com\/wp-content\/uploads\/2023\/02\/cropped-safedoseinc-512x512-1.png\",\"width\":512,\"height\":512,\"caption\":\"SafeDose Inc\"},\"image\":{\"@id\":\"https:\/\/www.safedoseinc.com\/#\/schema\/logo\/image\/\"}}]}<\/script>\n<!-- \/ Yoast SEO plugin. -->","yoast_head_json":{"title":"Pol\u00edtica de Seguran\u00e7a da Informa\u00e7\u00e3o da SDI - SafeDose","robots":{"index":"index","follow":"follow","max-snippet":"max-snippet:-1","max-image-preview":"max-image-preview:large","max-video-preview":"max-video-preview:-1"},"canonical":"https:\/\/www.safedoseinc.com\/pt-br\/copia-do-contrato-de-licenca-safedose-2\/","og_locale":"pt_BR","og_type":"article","og_title":"Pol\u00edtica de Seguran\u00e7a da Informa\u00e7\u00e3o da SDI - SafeDose","og_description":"Pol\u00edtica de Seguran\u00e7a da Informa\u00e7\u00e3o da SDI Vers\u00e3o 1.3Aprovado pela Direc\u00e7\u00e3o da SDI em 10 de Abril de 2022Introdu\u00e7\u00e3oSafeDose, Inc. (\"SDI\") documenta a nossa Pol\u00edtica de Seguran\u00e7a da Informa\u00e7\u00e3o da SDI, que rege a SafeDose (solu\u00e7\u00e3o de software da SDI), os sistemas administrativos da SDI e processos relacionados. SafeDose \u00e9 uma ferramenta aut\u00f3noma, baseada na [&hellip;]","og_site_name":"SafeDose","article_modified_time":"2023-01-27T17:40:47+00:00","twitter_card":"summary_large_image","twitter_misc":{"Est. tempo de leitura":"8 minutos"},"schema":{"@context":"https:\/\/schema.org","@graph":[{"@type":"WebPage","@id":"https:\/\/www.safedoseinc.com\/pt-br\/copia-do-contrato-de-licenca-safedose-2\/","url":"https:\/\/www.safedoseinc.com\/pt-br\/copia-do-contrato-de-licenca-safedose-2\/","name":"Pol\u00edtica de Seguran\u00e7a da Informa\u00e7\u00e3o da SDI - SafeDose","isPartOf":{"@id":"https:\/\/www.safedoseinc.com\/#website"},"datePublished":"2023-01-27T22:36:07+00:00","dateModified":"2023-01-27T17:40:47+00:00","breadcrumb":{"@id":"https:\/\/www.safedoseinc.com\/pt-br\/copia-do-contrato-de-licenca-safedose-2\/#breadcrumb"},"inLanguage":"pt-BR","potentialAction":[{"@type":"ReadAction","target":["https:\/\/www.safedoseinc.com\/pt-br\/copia-do-contrato-de-licenca-safedose-2\/"]}]},{"@type":"BreadcrumbList","@id":"https:\/\/www.safedoseinc.com\/pt-br\/copia-do-contrato-de-licenca-safedose-2\/#breadcrumb","itemListElement":[{"@type":"ListItem","position":1,"name":"Home","item":"https:\/\/www.safedoseinc.com\/pt-br\/"},{"@type":"ListItem","position":2,"name":"Pol\u00edtica de Seguran\u00e7a da Informa\u00e7\u00e3o da SDI"}]},{"@type":"WebSite","@id":"https:\/\/www.safedoseinc.com\/#website","url":"https:\/\/www.safedoseinc.com\/","name":"SafeDose","description":"Be Ready. Be Confident. Be Sure.","publisher":{"@id":"https:\/\/www.safedoseinc.com\/#organization"},"potentialAction":[{"@type":"SearchAction","target":{"@type":"EntryPoint","urlTemplate":"https:\/\/www.safedoseinc.com\/?s={search_term_string}"},"query-input":"required name=search_term_string"}],"inLanguage":"pt-BR"},{"@type":"Organization","@id":"https:\/\/www.safedoseinc.com\/#organization","name":"SafeDose Inc","url":"https:\/\/www.safedoseinc.com\/","logo":{"@type":"ImageObject","inLanguage":"pt-BR","@id":"https:\/\/www.safedoseinc.com\/#\/schema\/logo\/image\/","url":"https:\/\/www.safedoseinc.com\/wp-content\/uploads\/2023\/02\/cropped-safedoseinc-512x512-1.png","contentUrl":"https:\/\/www.safedoseinc.com\/wp-content\/uploads\/2023\/02\/cropped-safedoseinc-512x512-1.png","width":512,"height":512,"caption":"SafeDose Inc"},"image":{"@id":"https:\/\/www.safedoseinc.com\/#\/schema\/logo\/image\/"}}]}},"_links":{"self":[{"href":"https:\/\/www.safedoseinc.com\/pt-br\/wp-json\/wp\/v2\/pages\/823"}],"collection":[{"href":"https:\/\/www.safedoseinc.com\/pt-br\/wp-json\/wp\/v2\/pages"}],"about":[{"href":"https:\/\/www.safedoseinc.com\/pt-br\/wp-json\/wp\/v2\/types\/page"}],"author":[{"embeddable":true,"href":"https:\/\/www.safedoseinc.com\/pt-br\/wp-json\/wp\/v2\/users\/1"}],"replies":[{"embeddable":true,"href":"https:\/\/www.safedoseinc.com\/pt-br\/wp-json\/wp\/v2\/comments?post=823"}],"version-history":[{"count":4,"href":"https:\/\/www.safedoseinc.com\/pt-br\/wp-json\/wp\/v2\/pages\/823\/revisions"}],"predecessor-version":[{"id":839,"href":"https:\/\/www.safedoseinc.com\/pt-br\/wp-json\/wp\/v2\/pages\/823\/revisions\/839"}],"wp:attachment":[{"href":"https:\/\/www.safedoseinc.com\/pt-br\/wp-json\/wp\/v2\/media?parent=823"}],"curies":[{"name":"wp","href":"https:\/\/api.w.org\/{rel}","templated":true}]}}